{"id":4136,"date":"2019-07-10T07:40:03","date_gmt":"2019-07-10T07:40:03","guid":{"rendered":"https:\/\/www.bay20.com\/?page_id=4136"},"modified":"2025-04-01T12:31:07","modified_gmt":"2025-04-01T06:46:07","slug":"shopware-seo-unternehmen","status":"publish","type":"page","link":"https:\/\/www.bay20.com\/de\/shopware-seo-unternehmen\/","title":{"rendered":"Shopware SEO Unternehmen"},"content":{"rendered":"<div class=\"container shopware\">\n<div class=\"magentoDeve\">\n<p>Suchmaschinenoptimierung ist nicht nur wichtig, sondern unerl\u00e4sslich f\u00fcr den erfolgreichen Betrieb eines E-Commerce-Gesch\u00e4fts. Nach der Auswahl der besten Shopware-Plattform f\u00fcr Ihr E-Commerce-Gesch\u00e4ft ist der n\u00e4chste wichtige Schritt, rigorose SEO zu tun, um die Website Crawl und erreichen auf der Oberseite des Google-Ranking zu bringen. <strong>Shopware SEO<\/strong> ist sehr wichtig, weil es dazu beitr\u00e4gt, echten Traffic, Nutzerbesuche und -erfahrungen sowie Einnahmen f\u00fcr E-Commerce-Besitzer zu generieren.<\/p>\n<p>Die Shopware-Plattform ist bei deutschsprachigen Online-H\u00e4ndlern sehr beliebt und ist der Branchenf\u00fchrer aus Deutschland. Daher ist es wichtig, eine starke SEO f\u00fcr die Shopware Open-Source-Plattform zu haben, um alle Gesch\u00e4ftsanforderungen zu erf\u00fcllen. Meistens starten die E-Commerce-Besitzer ihre Online-Website, um eine nahtlose Kommunikation mit den Kunden zu erm\u00f6glichen.<\/p>\n<p>Shopware SEO hat genug M\u00f6glichkeiten, um eine bestehende Online-Website zu verbessern und eine Website von Grund auf zu f\u00f6rdern. Bei der F\u00f6rderung der Shopware-Plattform sind die Hauptziele die Gesch\u00e4ftsbed\u00fcrfnisse der Kunden, die Aufnahme der Website in die Top-Google-Rangliste, die Schaffung von Markenbewusstsein, die Generierung von mehr Verkehr, Innovationen und Probleml\u00f6sungen.<\/p>\n<p><strong class=\"bigHeading\">Shopware SEO und Marketing<\/strong><\/p>\n<p>Mit integrierter SEO k\u00f6nnen Shopware-Besitzer von Anfang an Waren \u00fcber die Website verkaufen und ein gutes Google-Ranking erreichen. Die Website ist f\u00fcr Suchmaschinen optimiert und verbessert das Such-Ranking und erh\u00f6ht die Qualit\u00e4t Ihrer Website durch schnellere, benutzerfreundlichere und einfachere Navigation. Die Schwerpunkte von shopware sind Online-Marketing und leistungsstarke Funktionen zur Verkaufsf\u00f6rderung.<br \/>\nSEO ist der f\u00fchrende Anbieter auf dem heutigen wettbewerbsintensiven Markt und dient Millionen von Nutzern bei der L\u00f6sung ihrer Online-Anfragen und hilft Ihrem Unternehmen zu wachsen und Ziele zu erreichen.<\/p>\n<p><strong class=\"bigHeading\">Bedeutung von Shopware SEO:<\/strong><\/p>\n<ul class=\"shg-info\">\n<li>\n<h3>Es bringt die Benutzer sucht mit in Top-Vorschl\u00e4ge<\/h3>\n<\/li>\n<li>\n<h3>Die Website erscheint auf einer der ersten Positionen<\/h3>\n<\/li>\n<li>\n<h3>Verbessert die Benutzerfreundlichkeit und das Benutzererlebnis auf einer Website<\/h3>\n<\/li>\n<li>\n<h3>Steigert das Vertrauen der Nutzer in die E-Commerce-Website<\/h3>\n<\/li>\n<li>\n<h3>Gut f\u00fcr andere soziale Medienkan\u00e4le<\/h3>\n<\/li>\n<li>\n<h3>Reibungsloser Betrieb der Website<\/h3>\n<\/li>\n<li>\n<h3>Shopware SEO kann Ihnen einen Vorsprung vor der Konkurrenz verschaffen<\/h3>\n<\/li>\n<\/ul>\n<p>Unser erfahrenes Team wei\u00df sehr gut, dass die Ergebnisse in jeder Suchmaschine auf komplexen Algorithmen basieren. Mit Shopware-SEO lassen wir nichts unversucht, um Ihre Website zu verbessern und sie in den Suchergebnissen auf die vorderen Pl\u00e4tze zu bringen. Die Experten von Bay20 sind mit den Ranking-Faktoren der Suchmaschinen vertraut. Wir optimieren Ihre Website f\u00fcr Suchmaschinen, um Ihnen einen Vorteil gegen\u00fcber anderen, nicht optimierten Websites zu verschaffen, so dass die Chancen auf eine gute Platzierung h\u00f6her werden.<\/p>\n<p>Mit Shopware SEO machen wir Ihre E-Commerce-Website atemberaubend aussehen, optisch ansprechend, einfach und schnell zu navigieren, Benutzer und mobile freundlich und ziehen mehr K\u00e4ufer zu Ihrem Shop und durch unsere herrlichen Tools und Technik bieten einige der besten Rendite Ihrer Investition. Wenn Sie planen, einen Online-Shop f\u00fcr Ihr Produkt zu er\u00f6ffnen, neigen Sie dazu, viel Geld f\u00fcr Produkte, Marktforschung und den Aufbau Ihrer Website auszugeben und sie f\u00fcr die ganze Welt sichtbar zu machen. Au\u00dferdem gibt es keinen physischen Standort und keine Beschilderung an der Stra\u00dfe, um Ihr Gesch\u00e4ft zu finden. Daher ist der n\u00e4chste wichtige Schritt, Ihre Produkte w\u00e4hrend des gesamten Kaufprozesses verkaufsf\u00e4hig zu machen, und daf\u00fcr ist eine starke SEO erforderlich.<\/p>\n<p><strong class=\"bigHeading\">Was wir bei Bay20 tun:<\/strong><\/p>\n<ul class=\"shg-info\">\n<li>\n<h3>Wir erstellen scharfe, handlungsorientierte und ansprechende Inhalte und Produktbeschreibungen<\/h3>\n<\/li>\n<li>\n<h3>Bilder f\u00fcr die Anzeige in der Suchmaschine optimieren<\/h3>\n<\/li>\n<li>\n<h3>Zur Optimierung der Konversionsrate verdrehen wir Seitenlayouts, Checkout-Prozess usw. f\u00fcr mehr Umsatz<\/h3>\n<\/li>\n<li>\n<h3>Steigerung des Verkehrsaufkommens durch Marketing in den sozialen Medien, Werbung und rigorose Werbeaktionen<\/h3>\n<\/li>\n<li>\n<h3>Allzeitige Beratung und Anleitung f\u00fcr Ihren Website-Markt, um mehr Besucher zu gewinnen und den Verkauf zu steigern<\/h3>\n<\/li>\n<\/ul>\n<p><strong class=\"bigHeading\">Bei der Auswahl eines SEO-Dienstleisters sollten Sie die folgenden Merkmale ber\u00fccksichtigen:<\/strong><\/p>\n<ul class=\"shg-info\">\n<li>\n<h3>SEO-Erfahrung<\/h3>\n<\/li>\n<li>\n<h3>Erfahrung mit der Optimierung der Konversionsrate<\/h3>\n<\/li>\n<li>\n<h3>Kenntnisse \u00fcber Warenkorbsysteme<\/h3>\n<\/li>\n<li>\n<h3>Kommunikationsstil, Kreativit\u00e4t und Fachwissen<\/h3>\n<\/li>\n<li>\n<h3>Agenturen mit nachgewiesener Erfolgsbilanz bei der Generierung von Besucherzahlen und der F\u00e4higkeit, Besucher in Kunden zu verwandeln<\/h3>\n<\/li>\n<li>\n<h3>Arbeitserfahrung mit E-Commerce-Unternehmen<\/h3>\n<\/li>\n<li>\n<h3>Fundierte Kenntnisse der gew\u00e4hlten Plattform und ihrer technischen Einzelheiten, Hinzuf\u00fcgen von Modulen und Aktualisieren von Plugins.<\/h3>\n<\/li>\n<\/ul>\n<p>Um einen erfolgreichen E-Commerce-Online-Shop zu betreiben, k\u00f6nnen Sie <strong>Bay20<\/strong> ein Anbieter von E-Commerce-Komplettl\u00f6sungen, der Ihren Online-Shop effizient gestalten, entwickeln, pflegen und bewerben kann, um die gew\u00fcnschten Ergebnisse zu erzielen. Wir konzentrieren uns auf die gesch\u00e4ftlichen Bed\u00fcrfnisse unserer Kunden, Innovationen und Probleml\u00f6sungen.<\/p>\n<\/div>\n<\/div>\n","protected":false},"excerpt":{"rendered":"<p>Suchmaschinenoptimierung ist nicht nur wichtig, sondern unerl\u00e4sslich f\u00fcr den erfolgreichen Betrieb eines E-Commerce-Gesch\u00e4fts. Nach der Auswahl der besten Shopware-Plattform f\u00fcr Ihr E-Commerce-Gesch\u00e4ft ist der n\u00e4chste wichtige Schritt, rigorose SEO zu tun, um die Website Crawl und erreichen auf der Oberseite des Google-Ranking zu bringen. Shopware SEO ist sehr wichtig, weil es dazu beitr\u00e4gt, echten Traffic, [&hellip;]<\/p>\n","protected":false},"author":1,"featured_media":0,"parent":0,"menu_order":0,"comment_status":"closed","ping_status":"closed","template":"page-templates\/full-width.php","meta":{"footnotes":""},"class_list":["post-4136","page","type-page","status-publish","hentry"],"aioseo_notices":[],"_links":{"self":[{"href":"https:\/\/www.bay20.com\/de\/wp-json\/wp\/v2\/pages\/4136","targetHints":{"allow":["GET"]}}],"collection":[{"href":"https:\/\/www.bay20.com\/de\/wp-json\/wp\/v2\/pages"}],"about":[{"href":"https:\/\/www.bay20.com\/de\/wp-json\/wp\/v2\/types\/page"}],"author":[{"embeddable":true,"href":"https:\/\/www.bay20.com\/de\/wp-json\/wp\/v2\/users\/1"}],"replies":[{"embeddable":true,"href":"https:\/\/www.bay20.com\/de\/wp-json\/wp\/v2\/comments?post=4136"}],"version-history":[{"count":4,"href":"https:\/\/www.bay20.com\/de\/wp-json\/wp\/v2\/pages\/4136\/revisions"}],"predecessor-version":[{"id":15961,"href":"https:\/\/www.bay20.com\/de\/wp-json\/wp\/v2\/pages\/4136\/revisions\/15961"}],"wp:attachment":[{"href":"https:\/\/www.bay20.com\/de\/wp-json\/wp\/v2\/media?parent=4136"}],"curies":[{"name":"wp","href":"https:\/\/api.w.org\/{rel}","templated":true}]}}