{"id":4195,"date":"2019-08-14T09:53:48","date_gmt":"2019-08-14T09:53:48","guid":{"rendered":"https:\/\/www.bay20.com\/?page_id=4195"},"modified":"2025-05-05T18:42:42","modified_gmt":"2025-05-05T12:57:42","slug":"prestashop-modul-entwicklung","status":"publish","type":"page","link":"https:\/\/www.bay20.com\/de\/prestashop-modul-entwicklung\/","title":{"rendered":"Prestashop Modul Entwicklung"},"content":{"rendered":"\n<p>Module spielen eine proaktive Rolle bei der Steigerung der Leistung einer Website. Ohne die breite Palette von Modulen kann keine E-Commerce-Website von ausgezeichneter Funktionalit\u00e4t zu steigern. Um Ihre prestashop Online-Shop zu etablieren, ist es wichtig, die Aufmerksamkeit auf Modul-Entwicklung Dienstleistungen zu zahlen.<\/p>\n\n\n\n<p>Um die Nutzung von Prestashop zu erleichtern, werden bestimmte Module entwickelt, bei denen es sich um kleine Programme handelt, die die Funktionen von Prestashop nutzen. Eine E-Commerce-Website besteht in der Regel aus einer Kombination von zwei Elementen, n\u00e4mlich einem Seitenelement und einem Inhaltsblock. Zu den Seitenelementen geh\u00f6ren Website-Men\u00fc, Suchleiste, Login-Kontrolle und Inhaltsbl\u00f6cke werden von Modulen \u00fcbernommen. Die Entwicklung von Modulen ist sehr wichtig, da sie es den Benutzern erm\u00f6glichen, Inhalte anzuzeigen, zu erstellen und zu bearbeiten. Modulentwicklung bedeutet die Auswahl des Rahmens und des Ansatzes f\u00fcr die Entwicklung. Die manuelle Modulentwicklung ist ein automatisierter Ansatz, bei dem das Basismodul mithilfe einer Vorlage erstellt wird. <\/p>\n\n\n\n<p>Der weitaus wichtigste Teil der Modulentwicklung ist der Codename, der sorgf\u00e4ltig ausgew\u00e4hlt werden sollte. F\u00fcr alle Modul-Codenamen sollte ein eindeutiges Pr\u00e4fix gew\u00e4hlt werden. <strong><a href=\"\/de\/product\/create-a-custom-prestashop-module\/\" target=\"_blank\" rel=\"noreferrer noopener\" title=\"Entwicklung benutzerdefinierter Prestashop-Module\">Entwicklung benutzerdefinierter Prestashop-Module<\/a><\/strong> ist ein zentraler Bestandteil eines jeden Prestashop-Projekts, da Sie zu jedem Zeitpunkt Ihre eigenen Funktionen oder Module in ein bestehendes Prestashop-Projekt integrieren k\u00f6nnen. Um die Leistung der Plattform zu verbessern und funktionale F\u00e4higkeiten hinzuzuf\u00fcgen, k\u00f6nnen bestimmte Pools mit verschiedenen Arten von Erweiterungen ausgestattet werden. <\/p>\n\n\n\n<p>Es gibt Kernmodule, benutzerdefinierte Module und Gemeinschaftsmodule. Wenn Kunden nach einem Produkt googeln und es auf der Website des Unternehmens finden, ist dies lediglich das Ergebnis einer erfolgreich gestalteten Sucherweiterung, die die Suchanfragen erf\u00fcllt und eine Liste von Waren bereitstellt, die mit der Anfrage \u00fcbereinstimmen und den Umsatz steigern. Die Entwicklung eines Versandmoduls f\u00fcr einen bestimmten Spediteur, der von der E-Commerce-Plattform nicht unterst\u00fctzt wird, ist sehr wichtig, und das Zahlungsmodul erm\u00f6glicht die Zahlung \u00fcber einen bestimmten Zahlungsanbieter und die Erstellung eines Zahlungsplugins, das Angebote, Zahlungen in zahlreichen W\u00e4hrungen und Rabatte erm\u00f6glicht, wird den Umsatz steigern. W\u00e4hrend der Modulentwicklung werden einige benutzerdefinierte Versand-Plugins erstellt, um Rabatte f\u00fcr alte Kunden anzubieten. Das Modul f\u00fcr den Checkout sollte nicht kompliziert sein. Das Blog-Modul erm\u00f6glicht die Erstellung eines einfachen und lesbaren Blogs mit gutem Inhalt. SEO-Erweiterungen sind wichtig f\u00fcr eine Website, um die Sichtbarkeit des Inhalts f\u00fcr Suchmaschinen zu erh\u00f6hen.<\/p>\n\n\n\n<p>Was wir tun?<\/p>\n\n\n\n<ul class=\"wp-block-list\"><li>Zun\u00e4chst analysieren wir das Projekt unseres Kunden und die verf\u00fcgbaren Ressourcen, um festzustellen, ob ein kundenspezifisches Modul implementiert werden kann.<\/li><li>Wir schreiben nicht nur Plugin-Code, sondern konzentrieren uns darauf, das Problem des Kunden zu l\u00f6sen.<\/li><li>Wir testen das Frontend und Backend der L\u00f6sung, um Fehler zu beheben, bevor wir das Projekt starten.<\/li><\/ul>\n\n\n\n<p>Verfahren der Modulentwicklung:<\/p>\n\n\n\n<ul class=\"wp-block-list\"><li>Aktuelle Projektanalyse<\/li><li>Planung und Gestaltung von Erweiterungen<\/li><li>Entwicklung der Erweiterung<\/li><li>Pr\u00fcfung der Erweiterung<\/li><li>Umsetzung der Erweiterung<\/li><\/ul>\n\n\n\n<p>Unser Prestashop-Modul-Entwicklungsteam ist mit umfassenden Kenntnissen ausgestattet und konzentriert sich in erster Linie auf die Entwicklung von kundenspezifischen Prestashop-Modulen f\u00fcr mobile und soziale Integration. Wir bauen eine Website von Grund auf und benutzerdefinierte Checkout-Modul f\u00fcr gro\u00dfe E-Commerce-Websites. Unsere Experten Prestashop Team verwendet eine Reihe von Codierung Konventionen, die Programmierung Stil, Methoden und Praktiken empfehlen.<\/p>\n\n\n\n<p>Prestashop ist ein kostenloser und weit verbreiteter Open-Source <strong><a href=\"\/de\/ecommerce-entwicklungsunternehmen\/\" target=\"_blank\" rel=\"noreferrer noopener\" title=\"e-commerce platform\">e-commerce platform<\/a><\/strong> die verwendet wird, um Online-Warenkorb-Systeme zu entwickeln. Prestashop bieten zwei beliebte Module Versand und Zahlung Modul k\u00f6nnen Sie eine vollst\u00e4ndige Kontrolle \u00fcber die Verwaltung Ihrer E-Commerce-Shop haben. Sie k\u00f6nnen die Software verwenden, um SEO-konforme Website zu entwickeln, auf benutzerdefinierte Tool Banking. <\/p>\n\n\n\n<p>Wir werden einen gro\u00dfen Unterschied in Ihrem E-Commerce-Gesch\u00e4ft schaffen und Sie von der Masse abheben. Wir entwickeln ein responsives Prestashop-Design, das die Zahl der echten Kunden auf breiter Ebene erh\u00f6ht. Ihr Online-Gesch\u00e4ft wird h\u00f6here Chancen auf Verk\u00e4ufe und Konversionen haben, da Ihre Prestashop-Website dank unserer fachkundigen Bem\u00fchungen \u00fcber verschiedene Plattformen von potenziellen Nutzern besser zug\u00e4nglich ist. Es ist wichtig, Ihren Kunden aufkommende Probleme mit Ihren Modulen anzubieten. Wir arbeiten auf der ganzen Linie, um unseren Prestashop-Shop-Besitzern die besten Support- und Wartungsdienste zu bieten. Unser Unternehmen ist voll und ganz in der Lage, die rechtzeitige L\u00f6sung von Problemen im Zusammenhang mit Modulen von prestashop store zu behandeln. Mit einem Pool von talentierten Fachleuten und langj\u00e4hriger Erfahrung im Umgang mit zahlreichen nationalen und internationalen Kunden k\u00f6nnen wir Modulentwicklungsdienste ausf\u00fchren, die den Erwartungen und Gesch\u00e4ftsanforderungen von E-Commerce-Shops weltweit entsprechen.<\/p>\n\n\n\n<p>Wir bieten reichlich M\u00f6glichkeiten, um Ihr Online-Gesch\u00e4ft auf die n\u00e4chste Ebene mit der Anwesenheit von brillanten prestashop Modul Entwicklungsdienstleistungen zu schieben. Web-basiertes Einkaufen ist in diesen Tagen bei Einzelpersonen beliebt geworden, um ihre kleinen bis gro\u00dfen Kaufbed\u00fcrfnisse zu erf\u00fcllen. Sie w\u00fcnschen sich eine L\u00f6sung aus einer Hand und m\u00f6chten daher einen zuverl\u00e4ssigen Online-Shop besuchen. <strong><a href=\"\/de\/prestashop-entwicklungsunternehmen\/\" target=\"_blank\" rel=\"noreferrer noopener\" title=\"Prestashop\">Prestashop<\/a><\/strong> ist die beste Plattform f\u00fcr alle Online-Bed\u00fcrfnisse und es ist eine kostenlose, reichhaltige Open-Source E-Commerce-Plattform, die in Gesch\u00e4ften in der Wolke oder durch Selbst-Erleichterung verwendet werden kann.<\/p>\n\n\n\n<p>Prestashop-Modul-Entwicklung ist das R\u00fcckgrat Ihres E-Commerce-Shop und erm\u00f6glicht das Hinzuf\u00fcgen oder Bearbeiten von zus\u00e4tzlichen unerw\u00fcnschten Funktionalit\u00e4ten auf Ihrer Website. Wir bieten Prestashop-Modul-Entwicklung Dienstleistungen, die Ihren Online-Shop als ein Business-Tool mit einem Team von Experten-Entwickler handeln lassen. Wir k\u00f6nnen benutzerdefinierte Modul-Entwicklung Dienstleistungen nach Ihren gesch\u00e4ftlichen Anforderungen, die Online-Sichtbarkeit zu verbessern, erh\u00f6hen die Produktivit\u00e4t Umsatz und Ziel-Benutzer. Unsere Fachleute k\u00f6nnen integrierte Dienstleistungen f\u00fcr die Gestaltung von Modulen in Ihrem Online-Shop anbieten, wie z.B. Modul- und Social-Media-Integration, Warenkorb-Integration, Wartungs- und Support-Services zur \u00dcberwachung der Arbeit von Websites. Unsere Entwickler kennen alle Anpassungstechniken und bieten einzigartige Plugins nach den Anforderungen des Kunden, so dass die besten Konversionsraten erreicht werden k\u00f6nnen. Unsere Kompetenz liegt in der Bereitstellung eines funktionalen Prestashop-Online-Shops f\u00fcr unsere Kunden.<\/p>\n\n\n\n<p><\/p>\n\n\n\n<p><\/p>\n","protected":false},"excerpt":{"rendered":"<p>Module spielen eine proaktive Rolle bei der Steigerung der Leistung einer Website. Ohne die breite Palette von Modulen kann keine E-Commerce-Website von ausgezeichneter Funktionalit\u00e4t zu steigern. Um Ihre prestashop Online-Shop zu etablieren, ist es wichtig, die Aufmerksamkeit auf Modul-Entwicklung Dienstleistungen zu zahlen. Um die Nutzung von Prestashop zu erleichtern, werden bestimmte Module entwickelt, bei denen [&hellip;]<\/p>\n","protected":false},"author":1,"featured_media":0,"parent":0,"menu_order":0,"comment_status":"closed","ping_status":"closed","template":"","meta":{"footnotes":""},"class_list":["post-4195","page","type-page","status-publish","hentry"],"aioseo_notices":[],"_links":{"self":[{"href":"https:\/\/www.bay20.com\/de\/wp-json\/wp\/v2\/pages\/4195","targetHints":{"allow":["GET"]}}],"collection":[{"href":"https:\/\/www.bay20.com\/de\/wp-json\/wp\/v2\/pages"}],"about":[{"href":"https:\/\/www.bay20.com\/de\/wp-json\/wp\/v2\/types\/page"}],"author":[{"embeddable":true,"href":"https:\/\/www.bay20.com\/de\/wp-json\/wp\/v2\/users\/1"}],"replies":[{"embeddable":true,"href":"https:\/\/www.bay20.com\/de\/wp-json\/wp\/v2\/comments?post=4195"}],"version-history":[{"count":5,"href":"https:\/\/www.bay20.com\/de\/wp-json\/wp\/v2\/pages\/4195\/revisions"}],"predecessor-version":[{"id":15926,"href":"https:\/\/www.bay20.com\/de\/wp-json\/wp\/v2\/pages\/4195\/revisions\/15926"}],"wp:attachment":[{"href":"https:\/\/www.bay20.com\/de\/wp-json\/wp\/v2\/media?parent=4195"}],"curies":[{"name":"wp","href":"https:\/\/api.w.org\/{rel}","templated":true}]}}