{"id":4197,"date":"2019-08-14T10:04:36","date_gmt":"2019-08-14T10:04:36","guid":{"rendered":"https:\/\/www.bay20.com\/?page_id=4197"},"modified":"2025-05-05T18:26:10","modified_gmt":"2025-05-05T12:41:10","slug":"prestashop-wartung","status":"publish","type":"page","link":"https:\/\/www.bay20.com\/de\/prestashop-wartung\/","title":{"rendered":"Prestashop Wartung"},"content":{"rendered":"\n<p>Genau wie beim Kauf von Produkten und der anschlie\u00dfenden Wartung f\u00fcr eine l\u00e4ngere Lebensdauer, muss auch die Website gewartet werden, um sie sicher zu machen, Daten zu sch\u00fctzen, auf defekte Links zu pr\u00fcfen und aktuelle Updates durchzuf\u00fchren. Wenn Sie in E-Commerce-Website-Gesch\u00e4ft f\u00fcr eine l\u00e4ngere Zeit bleiben wollen, dann Wartung regelm\u00e4\u00dfig getan ist sehr wichtig. <strong><a href=\"\/de\/prestashop-entwicklungsunternehmen\/\" target=\"_blank\" rel=\"noreferrer noopener\" title=\"Prestashop\">Prestashop<\/a><\/strong> Die Online-Wartung einer Website ist mehr oder weniger eine Selbstverst\u00e4ndlichkeit. Wenn Sie keine Kunden verlieren, mehr Besucher haben, l\u00e4nger im Ranking bleiben und eine h\u00f6here Konversionsrate haben wollen, dann sollte die regelm\u00e4\u00dfige Wartung Ihre oberste Priorit\u00e4t sein. Im Online-Gesch\u00e4ft verkaufen Sie neben Produkten und Dienstleistungen auch Erfahrungen, und es geht um hart verdientes Geld. Es gibt also gen\u00fcgend Gr\u00fcnde, einen gewissen Betrag f\u00fcr die Wartung der Website auszugeben.<\/p>\n\n\n\n<p>Checkliste f\u00fcr die Wartung der Website:<\/p>\n\n\n\n<ol class=\"wp-block-list\"><li>Dom\u00e4nenname: Sie kaufen einen Dom\u00e4nennamen, erstellen eine Website, entwerfen, entwickeln und vermarkten sie, vergessen aber, den Dom\u00e4nennamen innerhalb der vorgeschriebenen Zeit zu erneuern. Infolgedessen verlieren Sie nach und nach Kunden und Markenimage.<\/li><li>Sobald Sie einen E-Commerce-Shop er\u00f6ffnen, m\u00fcssen Sie einige Anmeldeinformationen pflegen. Es w\u00e4re praktisch und vorteilhaft, wenn die Anmeldeinformationen an einem Ort aufbewahrt werden und nicht verstreut sind. Die folgenden Informationen m\u00fcssen rechtzeitig gepflegt werden f\u00fcr <strong><a href=\"\/de\/ecommerce-entwicklungsunternehmen\/\" target=\"_blank\" rel=\"noreferrer noopener\" title=\"E-Commerce-Website\">E-Commerce-Website<\/a><\/strong>.<br><br>\u25cf Hosting-Berechtigungsnachweise<br>\u25cf FTP-Zugangsdaten<br>\u25cf Website Domain-Namen-Berechtigung<br>\u25cf Social-Media-Profil-Bescheinigung<br>\u25cf Informationen \u00fcber Unternehmen und Mitarbeiter<br>\u25cf CRM-Kontoinformationen<br><\/li><li> Verfeinerung der Inhalte: Die Pflege der Inhalte ist von entscheidender Bedeutung. Mit dem aktuellen Inhaltstrend in Kontakt zu bleiben, ist f\u00fcr eine E-Commerce-Website von Vorteil, um besser zu ranken.  <\/li><li> Website-Backup erstellen: Eine weitere wichtige Sache, die bei der Wartung von Prestashop zu beachten ist, ist die Erstellung eines Backups, das Datenb\u00fcndel wie Produkte, Dienstleistungen und wertvolle kundenbezogene Daten enth\u00e4lt. Stellen Sie sicher, dass Sie ein Backup von allem auf der E-Commerce-Website haben. <\/li><li> Die Ladegeschwindigkeit der Website muss verbessert werden: Ein weiterer wichtiger Parameter bei der Wartung von E-Commerce-Websites ist die Ladegeschwindigkeit, da sie das Kundenverhalten langfristig beeinflusst. \u00dcberpr\u00fcfen Sie immer die Gr\u00f6\u00dfe der Bilder, das Gewicht des hochgeladenen Inhalts, die Geschwindigkeit auf verschiedenen Ger\u00e4ten und Browsern usw. Beauftragen Sie immer ein zuverl\u00e4ssiges E-Commerce-Expertenunternehmen, das Ihnen bei der Prestashop-Wartung helfen kann.  <\/li><li> Pflege des Website-Designs: Design ist etwas, das sich st\u00e4ndig \u00e4ndern sollte, wenn man den aktuellen Trend des E-Commerce-Marktes, die Art des Publikums usw. betrachtet. Die Prestashop-Wartung sollte eine st\u00e4ndige \u00dcberpr\u00fcfung des Website-Design-Quotienten beinhalten und mit dem internationalen Trend in Einklang stehen. Das Design ist der Spiegel Ihres Shops. Wenn das Design attraktiv ist, wird es dazu beitragen, mehr Kunden und Verk\u00e4ufe zu erzielen. Ein ansprechendes Design ist ein wichtiger Aspekt bei der Prestashop-Wartung, an dem die Entwickler ernsthaft arbeiten sollten. Sie m\u00fcssen mit einer glaubw\u00fcrdigen E-Commerce-Website-Design-Agentur zusammenarbeiten, die eine bessere Verbindung zum Publikum herstellen kann. <\/li><li> Website-SEO: Der SEO-Status der E-Commerce-Website von Prestashop sollte immer aktualisiert werden, um mehr Besucher, ein h\u00f6heres Google-Ranking und eine h\u00f6here Konversionsrate zu erzielen. Suchmaschinen-Optimierung ist, was zieht potenzielle Kunden zum Kauf von Ihrer Website und es hilft auch definieren Online-Pr\u00e4senz und Website-Sichtbarkeit. W\u00e4hlen Sie immer SEO-Experten f\u00fcr die F\u00f6rderung Ihrer E-Commerce-Website, weil es etwas, das das Schicksal Ihrer E-Commerce-Gesch\u00e4ft entschieden ist. So muss mit gr\u00f6\u00dfter Aufmerksamkeit genommen werden.  <\/li><li> Beheben Sie 404-Fehler sofort: Wenn Sie einen 404-Fehler finden (der Benutzer landet auf einer Seite, die nicht funktioniert, oder auf einem toten Link), versuchen Sie, ihn schnell zu beheben, da sonst ein falscher Eindruck entsteht und sogar Google Ihre E-Commerce-Site in wenigen Tagen bestrafen und herabstufen kann, was nicht mehr zu reparieren ist. Das verdirbt nicht nur Ihren Online-Ruf in den Suchmaschinen, sondern vertreibt auch Ihre Kunden. Um 404-Fehler zu vermeiden, ist die Wartung der Website sehr wichtig. <\/li><li> Browser-Kompatibilit\u00e4t: Wenn Sie ein erfolgreiches E-Commerce-Gesch\u00e4ft betreiben wollen, sollten Sie immer einen Browser-Kompatibilit\u00e4tstest durchf\u00fchren. Sie sollten regelm\u00e4\u00dfig die gesamte Website in verschiedenen Browsern daraufhin \u00fcberpr\u00fcfen, wie schnell Ihre Website geladen wird. Wenn Sie diese Aufgabe einem zuverl\u00e4ssigen Web-Entwicklungsteam \u00fcbertragen, wird dieses daf\u00fcr sorgen, dass Ihre Website wie eine App aussieht, wenn sie auf einem Mobiltelefon, Tablet oder Browser ge\u00f6ffnet wird. <\/li><li>\u00dcberpr\u00fcfung der Website-Sicherheit: Ein erfahrenes E-Commerce-L\u00f6sungsunternehmen wird immer die Sicherheit der Website f\u00fcr den Prestashop-Onlineshop aufrechterhalten, damit die Kunden sich sicher f\u00fchlen, bei Ihnen zu kaufen. Die Prestashop-Wartung umfasst einen detaillierten Sicherheitsbericht nicht nur f\u00fcr die Website, sondern auch f\u00fcr Ihren Server. <\/li><li> \u00dcberpr\u00fcfung jedes Website-Links: Wenn Sie ein E-Commerce-L\u00f6sungsunternehmen f\u00fcr Ihre Prestashop-Website beauftragt haben, dann stellen Sie sicher, dass alle ausgehenden Website-Links gr\u00fcndlich \u00fcberpr\u00fcft werden, funktionieren und ein richtiges Ziel haben, weil die richtige interne Verlinkung eine Schl\u00fcsselrolle spielt, wenn es um das Google-Ranking geht. <\/li><\/ol>\n\n\n\n<p>Wenn Sie m\u00f6chten, dass Ihre Prestashop-Online-Website wie eine gut ge\u00f6lte Maschine funktioniert, dann sollten Sie auch an die Aktualisierung von Website-Formularen, Firmenkontaktinformationen, Nutzermeinungen und -bewertungen, die \u00dcberpr\u00fcfung von Spam-Kommentaren, Google Analytics und Webmaster-Tools denken. Unser Team ist voll professionell und kompetent, immer bereit, Unterst\u00fctzung bei jedem Modul zu bieten und die Frist einzuhalten. \u00dcbersetzt mit DeepL.com (kostenlose Version)<\/p>\n\n\n\n<p>Wir haben Erfahrung in der Prestashop-Wartung und haben bereits geholfen, gro\u00dfartige Ergebnisse f\u00fcr unsere Kunden zu erzielen, indem wir <strong><a href=\"\/de\/product\/create-a-custom-prestashop-module\/\" target=\"_blank\" rel=\"noreferrer noopener\" title=\"Entwicklung kundenspezifischer Module\">Entwicklung kundenspezifischer Module<\/a><\/strong> f\u00fcr ihre Website. Wir bieten die beste E-Commerce-L\u00f6sung zum richtigen Zeitpunkt, hervorragende Support- und Wartungsdienste, Probleml\u00f6sungsf\u00e4higkeiten und vor allem innerhalb unseres Kundenbudgets. <\/p>\n\n\n\n<p>Wir sind gut ausgestattet, um alle Leistungsprobleme, Upgrades, SEO-Ranking, Bugs, Wartung und Geschwindigkeitsprobleme mit hundertprozentiger Genauigkeit zu l\u00f6sen. Unser Online-Support und unsere Wartung haben f\u00fcr unsere E-Commerce-Kunden immer oberste Priorit\u00e4t. Wir l\u00f6sen nicht nur die Probleme, sondern ergreifen die notwendigen vorbeugenden Ma\u00dfnahmen, um sie in Zukunft zu vermeiden und erm\u00f6glichen es unseren Kunden, mit allen Elementen Optimierung von Prestashop-Shop aktualisiert zu bleiben.<\/p>\n\n\n\n<p>Gr\u00fcnde, uns f\u00fcr Ihren Prestashop-Shop zu w\u00e4hlen Wartung:<\/p>\n\n\n\n<p>\u25cf Engagiertes Support-Team verf\u00fcgbar<br>\u25cf Vollst\u00e4ndige Palette von Dienstleistungen im Zusammenhang mit der Wartung<br>\u25cf Kosteng\u00fcnstig<br>\u25cf Ausgezeichnete Unterst\u00fctzung unabh\u00e4ngig vom Standort des Kunden<br>\u25cf Transparenz, Kommunikation und Zusammenarbeit<\/p>\n\n\n\n<p>Wir haben eine ausgezeichnete Erfolgsbilanz mit einer gro\u00dfen Anzahl von <strong><a href=\"\/de\/projects\/\" target=\"_blank\" rel=\"noreferrer noopener\" title=\"Projekte\">Projekte<\/a><\/strong> zu unseren Gunsten. Sie k\u00f6nnen unser Portfolio ansehen und mit uns f\u00fcr jede E-Commerce-L\u00f6sung in Kontakt bleiben. <\/p>\n","protected":false},"excerpt":{"rendered":"<p>Genau wie beim Kauf von Produkten und der anschlie\u00dfenden Wartung f\u00fcr eine l\u00e4ngere Lebensdauer, muss auch die Website gewartet werden, um sie sicher zu machen, Daten zu sch\u00fctzen, auf defekte Links zu pr\u00fcfen und aktuelle Updates durchzuf\u00fchren. Wenn Sie in E-Commerce-Website-Gesch\u00e4ft f\u00fcr eine l\u00e4ngere Zeit bleiben wollen, dann Wartung regelm\u00e4\u00dfig getan ist sehr wichtig. Prestashop [&hellip;]<\/p>\n","protected":false},"author":1,"featured_media":0,"parent":0,"menu_order":0,"comment_status":"closed","ping_status":"closed","template":"","meta":{"footnotes":""},"class_list":["post-4197","page","type-page","status-publish","hentry"],"aioseo_notices":[],"_links":{"self":[{"href":"https:\/\/www.bay20.com\/de\/wp-json\/wp\/v2\/pages\/4197","targetHints":{"allow":["GET"]}}],"collection":[{"href":"https:\/\/www.bay20.com\/de\/wp-json\/wp\/v2\/pages"}],"about":[{"href":"https:\/\/www.bay20.com\/de\/wp-json\/wp\/v2\/types\/page"}],"author":[{"embeddable":true,"href":"https:\/\/www.bay20.com\/de\/wp-json\/wp\/v2\/users\/1"}],"replies":[{"embeddable":true,"href":"https:\/\/www.bay20.com\/de\/wp-json\/wp\/v2\/comments?post=4197"}],"version-history":[{"count":5,"href":"https:\/\/www.bay20.com\/de\/wp-json\/wp\/v2\/pages\/4197\/revisions"}],"predecessor-version":[{"id":15922,"href":"https:\/\/www.bay20.com\/de\/wp-json\/wp\/v2\/pages\/4197\/revisions\/15922"}],"wp:attachment":[{"href":"https:\/\/www.bay20.com\/de\/wp-json\/wp\/v2\/media?parent=4197"}],"curies":[{"name":"wp","href":"https:\/\/api.w.org\/{rel}","templated":true}]}}