{"id":4489,"date":"2019-11-17T17:16:26","date_gmt":"2019-11-17T17:16:26","guid":{"rendered":"https:\/\/www.bay20.com\/?page_id=4489"},"modified":"2025-03-28T12:50:32","modified_gmt":"2025-03-28T07:05:32","slug":"bigcommerce-theme-entwicklung-2","status":"publish","type":"page","link":"https:\/\/www.bay20.com\/de\/bigcommerce-theme-entwicklung-2\/","title":{"rendered":"BigCommerce Theme-Entwicklung"},"content":{"rendered":"\n<p>Das Marktszenario hat sich v\u00f6llig ver\u00e4ndert. Die Unternehmer haben damit begonnen, mehr im Internet zu verkaufen als in den Ladengesch\u00e4ften. Sie erhalten einen hohen Bekanntheitsgrad ihrer Marke und verkaufen ihre Produkte weltweit. Kunden bevorzugen es auch, von ihrem Ger\u00e4t aus zu kaufen, anstatt physisch f\u00fcr jede kleine und gro\u00dfe Anforderung zu besuchen. Die BigCommerce-Plattform erm\u00f6glicht nicht nur den Start Ihres Online-Shops, sondern auch die Expansion und den Verkauf auf der ganzen Welt. Ein gutes und attraktives Theme ist das R\u00fcckgrat jedes erfolgreichen E-Commerce-Shops. Daher ist es sehr wichtig, das perfekte Theme f\u00fcr Ihren Webshop auszuw\u00e4hlen. <\/p>\n\n\n\n<p>Unsere gro\u00dfe Erfahrung in der Entwicklung verschiedener Themes f\u00fcr mehrere Plattformen wird Ihren Shop definitiv auf die n\u00e4chste Stufe heben und die Produkte in einer organisierten und professionellen Weise pr\u00e4sentieren.<\/p>\n\n\n\n<p>Es ist schwierig, das richtige Theme f\u00fcr einen Online-Shop auszuw\u00e4hlen, aber ein erfahrener Entwickler wird Ihnen helfen, dieses Problem zu l\u00f6sen und den Prozess zu vereinfachen.<\/p>\n\n\n\n<h2 class=\"wp-block-heading\"><strong>Merkmale:<\/strong><\/h2>\n\n\n\n<p>Leistungsstarke Funktionen erm\u00f6glichen es Ihnen, Ihre relevanten Kategorien im Men\u00fc zu platzieren, ohne die Hauptnavigationsleiste zu behindern, und den Besuchern den Zugang zu den gew\u00fcnschten Produkten zu erm\u00f6glichen, die sie in ihren Warenkorb legen k\u00f6nnen, ohne die Produktseite zu besuchen.<\/p>\n\n\n\n<h2 class=\"wp-block-heading\"><strong>Anpassungen:<\/strong><\/h2>\n\n\n\n<p>Um sich von der Konkurrenz abzuheben, m\u00fcssen Sie Ihre Marke integrieren. Daher kann das Thema der Website je nach Anforderung angepasst werden.<\/p>\n\n\n\n<h2 class=\"wp-block-heading\"><strong>Reaktionsf\u00e4higes Design:<\/strong><\/h2>\n\n\n\n<p>Unsere Entwickler w\u00e4hlen ein Website-Thema aus, das auf dem Tablet oder Smartphone Ihres Kunden reibungslos funktioniert. Unser Team wird zufrieden sein, wenn es wei\u00df, dass Ihre Kunden zufrieden sind.<\/p>\n\n\n\n<h2 class=\"wp-block-heading\"><strong>Ansprechendes Design:<\/strong><\/h2>\n\n\n\n<p>Wir helfen Ihnen, das am besten geeignete Design f\u00fcr Ihr Unternehmen zu w\u00e4hlen. Sie k\u00f6nnen ein Mehrzweck-Theme w\u00e4hlen, das so konzipiert ist, dass es an mehreren Orten gut funktioniert.<\/p>\n\n\n\n<p>Im heutigen Marktszenario wenden sich kleine und gro\u00dfe Unternehmen dem Online-Verkauf ihrer Produkte zu. Die Plattform und das Theme, auf dem ein Webshop aufgebaut ist, m\u00fcssen benutzerfreundlich, modern und attraktiv sein. Unsere Entwickler verstehen die Flexibilit\u00e4t des BigCommerce-Theme-Frameworks und sind daher in der Lage, ein hochwertiges, vollst\u00e4ndig angepasstes Erlebnis f\u00fcr unsere Kunden zu niedrigen Entwicklungs- und Wartungskosten zu schaffen.<\/p>\n\n\n\n<p>BigCommerce eignet sich am besten f\u00fcr gro\u00dfe oder schnell wachsende Unternehmen mit vielen integrierten Funktionen, erstklassiger Betriebszeit, mehreren Sicherheitsschichten, hoher Geschwindigkeit, hervorragender Leistung, Datentools usw. Wir sind erfahrene Entwickler mit einer sauberen und erfolgreichen Bilanz bei der Bereitstellung von verschiedenen BigCommerce-Projekten. Sie k\u00f6nnen sich mehr auf die Generierung von Gesch\u00e4ften als auf die \u00dcberwachung und Wartung Ihres Online-Shops konzentrieren.<\/p>\n\n\n\n<p>Unsere Spezialit\u00e4t ist die termingerechte Lieferung des Projekts, die L\u00f6sung Ihrer schwierigsten E-Commerce-H\u00fcrden und unsere Expertise minimiert Reibungsverluste und bringt Sie schnell auf den Markt.<\/p>\n\n\n\n<p>Wir verf\u00fcgen \u00fcber gro\u00dfe praktische Kenntnisse in der Erstellung von gro\u00dfen Themen in \u00dcbereinstimmung mit Weltklasse-Standards. Wenn Sie auf der Suche nach einem personalisierten Shop sind, sind wir bekannt qualifizierte Entwickler in BigCommerce Design und Entwicklung Prozess k\u00f6nnen Sie vollst\u00e4ndig auf vertrauen.<\/p>\n\n\n\n<h2 class=\"wp-block-heading\"><strong>Gr\u00fcnde, uns f\u00fcr die Entwicklung von Bigcommerce-Themen zu beauftragen:<\/strong><\/h2>\n\n\n\n<p><strong>Professionelle Herangehensweise: <\/strong>Unser Team folgt einem definierten Ansatz, um das Projekt abzuschlie\u00dfen. Wenn Sie uns als Ihre Entwicklungsagentur beauftragen, versichern wir Ihnen einen zielgerichteten Arbeitsablauf, um die beste L\u00f6sung f\u00fcr Ihr E-Commerce-Gesch\u00e4ft zu liefern.<\/p>\n\n\n\n<p><strong>Engagiertes Team: <\/strong>Unser Alleinstellungsmerkmal ist unser hauseigenes, engagiertes Team, das eine konsistente Arbeit an einem bestimmten Projekt innerhalb einer festgelegten Zeitzone gew\u00e4hrleistet. Wir lassen nichts unversucht, um unsere Entwickler auf dem neuesten Stand zu halten und ihre F\u00e4higkeiten regelm\u00e4\u00dfig zu sch\u00e4rfen, um unseren Kunden zu helfen, den besten umsatzf\u00f6rdernden Online-Shop zu erstellen.<\/p>\n\n\n\n<p><strong>Qualit\u00e4t der Dienstleistungen: <\/strong>Wir gehen keine Kompromisse ein und bieten unseren Kunden hochwertige Dienstleistungen an. Der gesamte Entwicklungsprozess wird mit \u00e4u\u00dferster Sorgfalt durchgef\u00fchrt. Unsere Themen sind Qualit\u00e4tsthemen.<\/p>\n\n\n\n<p><strong>Transparenz:<\/strong> Um langfristige Beziehungen zu unseren Kunden aufrechtzuerhalten, bleiben wir mit unseren Kunden vom ersten Tag an, w\u00e4hrend und nach Abschluss des Projekts transparent. Wir setzen klare Fristen f\u00fcr jede Phase und informieren unsere Kunden \u00fcber die Zeit, die f\u00fcr den erfolgreichen Abschluss der gesamten Aufgabe erforderlich ist. Unsere Preise sind wettbewerbsf\u00e4hig&nbsp; rechtfertigen die Qualit\u00e4t der gelieferten Arbeit.<\/p>\n\n\n\n<p><strong>Wartung und Support: <\/strong>Wir versprechen Ihnen, Sie mit unserer technischen Unterst\u00fctzung auch nach der erfolgreichen Lieferung der BigCommerce-Theme-Entwicklung zu unterst\u00fctzen. Sie k\u00f6nnen sich an uns wenden, wenn Sie Fragen zum Thema Ihrer <a href=\"\/de\/ecommerce-entwicklungsunternehmen\/\">E-Commerce-Website<\/a> haben.<\/p>\n\n\n\n<p>Wir sind ein Team von engagierten BigCommerce-Codierern, die Ihnen erstklassige Theme-Entwicklungsdienste anbieten k\u00f6nnen. Wir helfen Ihnen mit reaktionsschnellen BigCommerce-Themen bei der Entwicklung eines neuen oder der Anpassung eines eingebauten Themas.<\/p>\n\n\n\n<ul class=\"wp-block-list\"><li>Auf die Bed\u00fcrfnisse des Kunden zugeschnittene Themen<\/li><li>Responsive Theme-Entwicklung<\/li><li>Gepr\u00fcfte Schablonen-Themen <\/li><\/ul>\n\n\n\n<p>Unsere f\u00e4higen Entwickler k\u00f6nnen Schablonen-Designs oder vorgefertigte und gebrauchsfertige BigCommerce-Templates mit derselben Effizienz implementieren. Wir sind zuverl\u00e4ssig in Bezug auf die Bereitstellung von qualitativ hochwertigen Dienstleistungen und einwandfreie kundenspezifische Theme-Designs. Wir helfen Ihnen von der Theme-Integration bis zur Theme-Entwicklung f\u00fcr vollst\u00e4ndig responsive Themes. Unsere Entwickler setzen alles daran, Ihren E-Commerce-Shop skalierbar und responsiv zu gestalten. Wir geben nicht eher Ruhe, bis wir ein einzigartiges Einkaufserlebnis f\u00fcr die Endbenutzer unserer Kunden geschaffen haben. Unser tiefes Wissen \u00fcber die Entwicklung der <a href=\"\/de\/bigcommerce-entwicklungsunternehmen\/\" title=\"Bigcommerce-Entwickler anheuern\">BigCommerce-Plattform<\/a> mit exzellenten Themes hebt uns von der Masse der anderen Entwickler auf dem Markt ab.<\/p>\n\n\n\n<p><\/p>\n","protected":false},"excerpt":{"rendered":"<p>Das Marktszenario hat sich v\u00f6llig ver\u00e4ndert. Die Unternehmer haben damit begonnen, mehr im Internet zu verkaufen als in den Ladengesch\u00e4ften. Sie erhalten einen hohen Bekanntheitsgrad ihrer Marke und verkaufen ihre Produkte weltweit. Kunden bevorzugen es auch, von ihrem Ger\u00e4t aus zu kaufen, anstatt physisch f\u00fcr jede kleine und gro\u00dfe Anforderung zu besuchen. Die BigCommerce-Plattform erm\u00f6glicht [&hellip;]<\/p>\n","protected":false},"author":1,"featured_media":0,"parent":0,"menu_order":0,"comment_status":"closed","ping_status":"closed","template":"","meta":{"footnotes":""},"class_list":["post-4489","page","type-page","status-publish","hentry"],"aioseo_notices":[],"_links":{"self":[{"href":"https:\/\/www.bay20.com\/de\/wp-json\/wp\/v2\/pages\/4489","targetHints":{"allow":["GET"]}}],"collection":[{"href":"https:\/\/www.bay20.com\/de\/wp-json\/wp\/v2\/pages"}],"about":[{"href":"https:\/\/www.bay20.com\/de\/wp-json\/wp\/v2\/types\/page"}],"author":[{"embeddable":true,"href":"https:\/\/www.bay20.com\/de\/wp-json\/wp\/v2\/users\/1"}],"replies":[{"embeddable":true,"href":"https:\/\/www.bay20.com\/de\/wp-json\/wp\/v2\/comments?post=4489"}],"version-history":[{"count":5,"href":"https:\/\/www.bay20.com\/de\/wp-json\/wp\/v2\/pages\/4489\/revisions"}],"predecessor-version":[{"id":15818,"href":"https:\/\/www.bay20.com\/de\/wp-json\/wp\/v2\/pages\/4489\/revisions\/15818"}],"wp:attachment":[{"href":"https:\/\/www.bay20.com\/de\/wp-json\/wp\/v2\/media?parent=4489"}],"curies":[{"name":"wp","href":"https:\/\/api.w.org\/{rel}","templated":true}]}}