{"id":4517,"date":"2019-11-18T04:52:55","date_gmt":"2019-11-18T04:52:55","guid":{"rendered":"https:\/\/www.bay20.com\/?page_id=4517"},"modified":"2025-04-19T17:36:06","modified_gmt":"2025-04-19T11:51:06","slug":"typo3-plug-in","status":"publish","type":"page","link":"https:\/\/www.bay20.com\/de\/typo3-plug-in\/","title":{"rendered":"Typo3 Plug-In"},"content":{"rendered":"\n<p>Aufgrund der Eigenschaften wie hochgradig anpassbar, einfach zu bedienen, Open-Source-Web-Content-Management-System typo3 hat sich die erste Wahl von vielen Web-H\u00e4ndlern. Wir sind in der Lage, funktionale Plugins zu implementieren, die Ihrer Website Leben einhauchen. Typo3-Plugins sind wichtige Elemente, die eine einfache Erweiterung der Funktionalit\u00e4t erm\u00f6glichen.<\/p>\n\n\n\n<p>Unsere Experten k\u00f6nnen benutzerdefinierte Plugins erstellen, um Funktionen wie Spam-Bek\u00e4mpfung, Bildergalerie, spezifische SEO-Funktionen und vieles mehr hinzuzuf\u00fcgen. Mit fortschrittlichen Werkzeugen und technischem Wissen \u00fcber PHP k\u00f6nnen wir jede Plugin-Implementierungsaufgabe in Typo3 bew\u00e4ltigen. Wir verbinden unser PHP-Wissen mit den verf\u00fcgbaren Ressourcen und sammeln Informationen dar\u00fcber, welche Art von Plugin von unserem Kunden ben\u00f6tigt wird.<\/p>\n\n\n\n<p>Unser Plugin-Entwicklungsteam verf\u00fcgt \u00fcber ein komplettes Wissen von der Benennung, Entwicklung, Einrichtung und dem Verst\u00e4ndnis von Typo3 Hooks Template-Tags, der Erstellung von Optionsseiten und schlie\u00dflich der Speicherung eines Plugins in der Datenbank.<\/p>\n\n\n\n<p>Wir erstellen ein installierbares Plugin und begr\u00fcnden Ihre Anforderungen an eine kompatible Version und die Projektinformationen. Ein Dokument wird erstellt, bevor die Typo3-Plugin-Entwicklungsphase fortgesetzt wird.<\/p>\n\n\n\n<p>Wir erstellen ma\u00dfgeschneiderte Plugins, die mit der neuesten Version und dem Repository-Plugin kompatibel sind und auf den Anforderungen unserer Kunden basieren.<\/p>\n\n\n\n<p>Unser Hauptaugenmerk liegt darauf, Ihnen die zuverl\u00e4ssigste L\u00f6sung zu bieten, die den Anforderungen der Plugin-Entwicklung entspricht.<\/p>\n\n\n\n<h2 class=\"wp-block-heading\"><strong>Unsere Typo3-Plugin-Praktiken sind:<\/strong><\/h2>\n\n\n\n<ul class=\"wp-block-list\"><li>Finden Sie den Zweck des Plugins und suchen Sie nach eindeutigen Namen <\/li><li>Erstellen Sie PHP-Dateien mit dem vom Typo3-Plugin gew\u00e4hlten Namen.<\/li><li>Gehen Sie zu rohen Code wie Filter und Aktionen mit up-to-date Bits von Code w\u00e4hrend der Typo3 Admin-Panel n\u00e4hert sich Ihrem Plugin. Diese Filter sind beliebt, um zu aktualisieren, wie der Beitrag pr\u00e4sentiert wird und Aktionen auf Ziel vordefinierten Bereichen innerhalb Ihrer Vorlage und Admin-Panel durchf\u00fchren. <\/li><li> Erstellen von Webseiten-Plugins f\u00fcr die Homepage zu installieren, zusammen mit Zweck und Kompatibilit\u00e4t mit Typo3 Version<\/li><li>Wir arbeiten mit Standard-Plugin-Informationen und -Lizenzen und halten die Details auch in der Haupt-PHP-Plugin-Datei fest<\/li><li>Unsere Plugins sind responsive und laufen bequem auf mobilen Ger\u00e4ten.<\/li><\/ul>\n\n\n\n<p>Wir verstehen, dass Plugins benutzerdefinierte PHP-Logik in Typo3 f\u00fcr Frontend-Websites integrieren. Durch die beeindruckende Funktionalit\u00e4t des Typo3-Webmanagementsystems k\u00f6nnen wir auf die speziellsten Typo3-Plugin-Anforderungen eingehen. Wir k\u00f6nnen den Kern des Programms, Front- und Backend, anpassen und erweitern, und \u00fcber spezifische Schnittstellen k\u00f6nnen Module mit spezifischen Funktionen integriert werden. Hinter allen Funktionalit\u00e4ten steht PHP als Basis der Typo3-Erweiterungen.<\/p>\n\n\n\n<p>Nachdem wir das passende Plugin f\u00fcr unser Kundenprojekt Typo3 gefunden haben, ist unser n\u00e4chster Schritt die Installation und \u00dcberpr\u00fcfung der Kompatibilit\u00e4t mit der aktuellen Version, Reputation und Zuverl\u00e4ssigkeit der Erweiterung. Wir sind in der Lage, Plug-ins und Vorlagen zu erstellen und erm\u00f6glichen es Ihnen, die Ergebnisse nach Kategorie, Entwicklungsstatus und Typo3-Kompatibilit\u00e4t zu filtern.<\/p>\n\n\n\n<p>Wir entwickeln die Plugin-Architektur so, dass sie Platz f\u00fcr zuk\u00fcnftige \u00c4nderungen bietet. Unsere Experten sind in der Lage, die Funktionalit\u00e4t des Plugins zu erweitern, falls dies erforderlich ist.<\/p>\n\n\n\n<p>Unsere Entwickler wissen, dass sie Ihnen das beste Layout und Design f\u00fcr Ihre Typo3-Website bieten, das Sie sich w\u00fcnschen und das zu einem sp\u00e4teren Zeitpunkt ge\u00e4ndert oder auch komplett verworfen werden kann.<\/p>\n\n\n\n<p>Typo3 ist ein flexibles CMS, das unendlich viele M\u00f6glichkeiten bietet. Unsere Experten sind in der Lage, mehrere Plugins zu implementieren, die der Typo3-Website ein neues Gesicht geben k\u00f6nnen, und Workflow-Tools machen die Zusammenarbeit zwischen Redakteuren und Administratoren einfach zu organisieren.&nbsp;&nbsp;&nbsp;<\/p>\n\n\n\n<p>Wir bieten absolut erschwingliche L\u00f6sung f\u00fcr Typo3 Plugin Web-Entwicklung, die SEO-freundlich ist als gut. Wir bieten Ihnen ma\u00dfgeschneiderte Typo3 Entwicklung L\u00f6sung wie pro gesch\u00e4ftlichen Anforderungen mit allen traditionellen als auch neue Funktionen und Werkzeuge f\u00fcr Typo3 Rahmen zur Verf\u00fcgung.<\/p>\n\n\n\n<p>Wir setzen engagierte Entwickler ein, die sich um Ihr Projekt k\u00fcmmern und Ihnen neben der Gestaltung und Entwicklung auch bei der Wartung helfen. Wir sind in der Lage, neue Erweiterungen zu installieren oder die alten Erweiterungen nach Ihren W\u00fcnschen zu \u00e4ndern.<\/p>\n\n\n\n<h2 class=\"wp-block-heading\"><strong>Warum werden wir ausgew\u00e4hlt?<\/strong><\/h2>\n\n\n\n<p><strong>Widmung:<\/strong> Ob es sich um ein kleines oder ein kompliziertes Projekt handelt, unsere Entwickler arbeiten mit der gleichen Leidenschaft und Perfektion.<\/p>\n\n\n\n<p><strong>Erschwinglichkeit:<\/strong> Unsere Kosten werden niemals Ihr Budget \u00fcberschreiten und gleichzeitig werden wir keine Kompromisse bei der Qualit\u00e4t der Arbeit eingehen.<\/p>\n\n\n\n<p><strong>Unterst\u00fctzung:<\/strong> Unsere Arbeit endet nicht mit der Auslieferung des Produkts. Wir glauben an das Halten der Hand und wann immer Sie vor einer Herausforderung stehen oder irgendwo bez\u00fcglich der Website feststecken, sind wir bereit, Sie zu unterst\u00fctzen.<\/p>\n\n\n\n<p>Es ist sehr wichtig, aufrichtige Anstrengungen zu unternehmen, um digitale Inhalte zu erstellen, zu verwalten und zu entwickeln, denn Erfolg ist das Ergebnis einer engagierten Teamarbeit. Wir bei Bay20 lassen nichts unversucht, um Ihre Marke zu einem gro\u00dfen Erfolg zu machen. Wir sind ein erstklassiges Typo3-Webentwicklungsunternehmen, das exzellente Qualit\u00e4t und nachhaltige Web-L\u00f6sungen gem\u00e4\u00df Ihren Erwartungen bietet. Unser talentiertes Team wendet die besten Praktiken und Methoden der Branche an, um die umfassendsten Web-L\u00f6sungen f\u00fcr verschiedene Branchen zu liefern. Sei es eine E-Commerce-Website, informative Website oder Web-Anwendung, haben wir uns in allen Bereichen bew\u00e4hrt.<\/p>\n\n\n\n<p>Wir versichern Ihnen komplette Unterst\u00fctzung bei der Typo3-Webentwicklung, Plugin- oder Extension-Entwicklung oder Migration Ihrer bestehenden Website auf Typo3 CMS.<\/p>\n\n\n\n<p><\/p>\n","protected":false},"excerpt":{"rendered":"<p>Aufgrund der Eigenschaften wie hochgradig anpassbar, einfach zu bedienen, Open-Source-Web-Content-Management-System typo3 hat sich die erste Wahl von vielen Web-H\u00e4ndlern. Wir sind in der Lage, funktionale Plugins zu implementieren, die Ihrer Website Leben einhauchen. Typo3-Plugins sind wichtige Elemente, die eine einfache Erweiterung der Funktionalit\u00e4t erm\u00f6glichen. Unsere Experten k\u00f6nnen benutzerdefinierte Plugins erstellen, um Funktionen wie Spam-Bek\u00e4mpfung, Bildergalerie, [&hellip;]<\/p>\n","protected":false},"author":1,"featured_media":0,"parent":0,"menu_order":0,"comment_status":"closed","ping_status":"closed","template":"","meta":{"footnotes":""},"class_list":["post-4517","page","type-page","status-publish","hentry"],"aioseo_notices":[],"_links":{"self":[{"href":"https:\/\/www.bay20.com\/de\/wp-json\/wp\/v2\/pages\/4517","targetHints":{"allow":["GET"]}}],"collection":[{"href":"https:\/\/www.bay20.com\/de\/wp-json\/wp\/v2\/pages"}],"about":[{"href":"https:\/\/www.bay20.com\/de\/wp-json\/wp\/v2\/types\/page"}],"author":[{"embeddable":true,"href":"https:\/\/www.bay20.com\/de\/wp-json\/wp\/v2\/users\/1"}],"replies":[{"embeddable":true,"href":"https:\/\/www.bay20.com\/de\/wp-json\/wp\/v2\/comments?post=4517"}],"version-history":[{"count":4,"href":"https:\/\/www.bay20.com\/de\/wp-json\/wp\/v2\/pages\/4517\/revisions"}],"predecessor-version":[{"id":16344,"href":"https:\/\/www.bay20.com\/de\/wp-json\/wp\/v2\/pages\/4517\/revisions\/16344"}],"wp:attachment":[{"href":"https:\/\/www.bay20.com\/de\/wp-json\/wp\/v2\/media?parent=4517"}],"curies":[{"name":"wp","href":"https:\/\/api.w.org\/{rel}","templated":true}]}}