{"id":4527,"date":"2019-11-18T07:35:14","date_gmt":"2019-11-18T07:35:14","guid":{"rendered":"https:\/\/www.bay20.com\/?page_id=4527"},"modified":"2025-04-19T17:24:52","modified_gmt":"2025-04-19T11:39:52","slug":"typo3-seo","status":"publish","type":"page","link":"https:\/\/www.bay20.com\/de\/typo3-seo\/","title":{"rendered":"Typo3 SEO"},"content":{"rendered":"\n<p>SEO ist ein hervorragendes Mittel, um die Qualit\u00e4t einer Website zu verbessern und sie schneller, benutzerfreundlicher und \u00fcbersichtlicher zu machen. Sie wirkt sich definitiv auf den Kaufzyklus aus. Mit Typo3 lassen sich die attraktivsten Websites erstellen, und um Kunden anzuziehen, ist Suchmaschinenoptimierung wichtig.<\/p>\n\n\n\n<h2 class=\"wp-block-heading\"><strong>Unser Arbeitsbereich:<\/strong><\/h2>\n\n\n\n<p> Unser Team von SEO-Entwicklern analysiert die geringf\u00fcgigen M\u00f6glichkeiten auf der Website zum Zweck der Suchmaschinenoptimierung. Wir wissen, dass sich die Algorithmen der Suchmaschinen h\u00e4ufig \u00e4ndern, daher verwenden wir die besten SEO-Praktiken und unsere Experten halten sich bei der Optimierung Ihrer Website streng an die technischen Richtlinien.  <\/p>\n\n\n\n<p>Wir arbeiten aufrichtig an den relevanten guten Inhalten, richtigen Texten und Meldungen, Seitentiteln und Schl\u00fcsselw\u00f6rtern, die strategisch eingesetzt werden.<\/p>\n\n\n\n<ul class=\"wp-block-list\"><li>Verwalten Sie Ihren Eintrag bei Google My Business, Bing Places und Yahoo Small Business Apple Maps<\/li><li>Wir erfassen und erstellen einen qualitativ hochwertigen Pr\u00fcfbericht<\/li><li>Wir unterst\u00fctzen Sie mit relevanten Inhalten rund um die Keyword-Kategorie Ihres Unternehmens.<\/li><li>Wir k\u00fcmmern uns um die Verfolgung der lokalen Suchmaschinenkampagnen und berichten entsprechend<\/li><li>Ma\u00dfgeschneiderte Titel-Tags f\u00fcr Ihre Website<\/li><li>Inhalte so bearbeiten, dass sie glatt und wirkungsvoll aussehen, und sicherstellen, dass sie keine Plagiate oder andere sch\u00e4dliche Dinge enthalten<\/li><li>Optimierung der Meta-Tags f\u00fcr die Top-Seiten, die von den Suchmaschinen am h\u00e4ufigsten gefunden werden<\/li><li>Finden Sie eingehende Links, indem Sie Verzeichnisse und Websites nutzen, die mit der Art Ihres Unternehmens \u00fcbereinstimmen<\/li><\/ul>\n\n\n\n<p>Wir helfen Unternehmen auf allen Kontinenten, mit mehrsprachigem Aufbau und in verschiedenen Branchen. Unsere Experten suchen f\u00fcr Sie nach M\u00f6glichkeiten, die Referenzen Ihrer Konkurrenten zu \u00fcberpr\u00fcfen und regelm\u00e4\u00dfig Zitate f\u00fcr Ihr Unternehmen zu versenden. Wir verfolgen regelm\u00e4\u00dfig Ihr Ranking bei Google und Bing und entfernen falsche Eintr\u00e4ge und Duplikate. Wir sind in der Lage, Eintr\u00e4ge und Standorte f\u00fcr mehrsprachige Unternehmen mit den neuesten Tools und Technologien zu verwalten. <\/p>\n\n\n\n<p>Wir erstellen einen ma\u00dfgeschneiderten Plan, der die Beantragung von Eintr\u00e4gen, die \u00dcberpr\u00fcfung der Konsistenz und die Ermittlung von M\u00f6glichkeiten zur Einholung von Nutzerbewertungen umfasst. Unsere Experten gehen das Projekt mit Neugier an und helfen Ihnen, die beste digitale Erfahrung f\u00fcr Ihre potenziellen Kunden zu schaffen.<\/p>\n\n\n\n<p>Typo3-Websites sind nicht einfach zu handhaben, daher m\u00fcssen Sie ein zuverl\u00e4ssiges Team von SEO-Experten engagieren. Wir unternehmen alle Anstrengungen und M\u00f6glichkeiten, um Ihre Website an die Spitze des Google-Rankings zu bringen. <\/p>\n\n\n\n<p>Wir von Bay20 helfen unseren Kunden bei der Suchmaschinenoptimierung ihrer Typo3-Website und sorgen daf\u00fcr, dass sie mit unseren einzigartigen und un\u00fcbertroffenen Dienstleistungen zufrieden und gl\u00fccklich sind. Wir versuchen immer, das zu liefern, was wir versprechen, um das Vertrauen unserer Kunden zu gewinnen.<\/p>\n\n\n\n<h2 class=\"wp-block-heading\"><strong>Unser SEO-Prozess:<\/strong><\/h2>\n\n\n\n<ul class=\"wp-block-list\"><li>Schl\u00fcsselwort-Analyse<\/li><li>Post-Projekt-Optimierung<\/li><li>Inhaltliche Analyse<\/li><li>Statusberichte<\/li><li>Technische Analyse<\/li><li>Analyse der Wettbewerber<\/li><\/ul>\n\n\n\n<p>Wir konzentrieren uns haupts\u00e4chlich auf Typo3 SEO-Dienstleistungen und haben auch optimale L\u00f6sungen f\u00fcr die Aktualisierung, Erweiterung oder Neugestaltung Ihrer Website. Wenn Sie eine hohe Absprungrate und wenig Konversion haben, ist es an der Zeit, Suchmaschinenoptimierungsdienste von einem erfahrenen Typo3 SEO-Dienstleister in Anspruch zu nehmen. Wenn Sie sich f\u00fcr uns entscheiden, um sich um Ihre SEO-Probleme zu k\u00fcmmern, versichern wir Ihnen, die Suchergebnisse zu verbessern und das Ranking zu erh\u00f6hen.<\/p>\n\n\n\n<p>Typo3 ist ein Open-Source-Content-Management-System, das auf der Sprache PHP basiert. Es kann auf verschiedenen Webservern und Betriebssystemen laufen und ist sehr flexibel. Bei Bay20 verfolgen wir einen einheitlichen Ansatz bei der Optimierung von Typo3-Websites.<\/p>\n\n\n\n<p>Wir haben engagierte Typo3 SEO-Experten, die wissen, wie man ein hohes Suchmaschinen-Ranking erreicht. Wir beginnen mit der Optimierung von Meta-Tags und Titeln, um sie SEO-freundlich zu machen. Der n\u00e4chste wichtige Punkt ist der Inhalt, der relevant und fl\u00fcssig sein sollte, um von den Suchmaschinen wahrgenommen zu werden. Diese Aufgabe wird von unseren Experten professionell erledigt, um Plagiatsprobleme und andere negative Aspekte im Text zu beseitigen und bei Bedarf die erforderlichen \u00c4nderungen vorzunehmen. Wir f\u00fcgen Schl\u00fcsselw\u00f6rter hinzu, damit die Seiten von den Suchmaschinen gefunden werden k\u00f6nnen. Unsere Experten behalten den Fortschritt der SEO-Bem\u00fchungen und die von uns von Zeit zu Zeit vorgenommenen Messungen an Ihrer Website genau im Auge.<\/p>\n\n\n\n<p>Egal wie klein oder gro\u00df Ihre Website ist, wir sind da, um L\u00f6sungen f\u00fcr alle SEO-bezogenen Probleme zu bieten, die sich als H\u00fcrde auf Ihrem Weg zum Erfolg erweisen. Denken Sie immer daran, dass die Wahl des richtigen SEO-Dienstleisters positive und schnelle Ergebnisse bringen kann.<\/p>\n\n\n\n<p>Die Qualit\u00e4t der Verwaltung von Verkehr von Millionen in einem Tag, halten Sie uns abgesehen von allen anderen im gleichen Bereich. Wir wissen, wie man eine richtige Reihe von SEO-Dienstleistungen hinzuf\u00fcgen k\u00f6nnen positive Ergebnisse auf Suchmaschinen-Ranking bringen und sichern Sie Ihre Position in der Online-Welt. <\/p>\n\n\n\n<h2 class=\"wp-block-heading\"><strong>Unsere Typo3 SEO Key Dienstleistungen umfassen:<\/strong><\/h2>\n\n\n\n<ul class=\"wp-block-list\"><li>Vor-SEO-Analyse der Website<\/li><li>Schl\u00fcsselwort-Recherche<\/li><li>Meta-Tag-Optionen<\/li><li>Fortgeschrittene On-Page-Strategien<\/li><li>Qualitativer Linkaufbau<\/li><li>Vorschlag f\u00fcr den Inhalt der Startseite<\/li><li>Schreiben von Inhalten<\/li><li>Interne Linkstruktur<\/li><li>\u00dcberpr\u00fcfung von Google Analytics\/ Google Webmaster Tools<\/li><li>Statusbericht<\/li><\/ul>\n\n\n\n<p>Wenn Sie eine signifikante Sichtbarkeit in den Suchmaschinenergebnissen, erh\u00f6hten Traffic und Top-Keyword-Rankings w\u00fcnschen, dann sind wir vielleicht die perfekte Wahl f\u00fcr Sie.<\/p>\n","protected":false},"excerpt":{"rendered":"<p>SEO ist ein hervorragendes Mittel, um die Qualit\u00e4t einer Website zu verbessern und sie schneller, benutzerfreundlicher und \u00fcbersichtlicher zu machen. Sie wirkt sich definitiv auf den Kaufzyklus aus. Mit Typo3 lassen sich die attraktivsten Websites erstellen, und um Kunden anzuziehen, ist Suchmaschinenoptimierung wichtig. Unser Arbeitsbereich: Unser Team von SEO-Entwicklern analysiert die geringf\u00fcgigen M\u00f6glichkeiten auf der [&hellip;]<\/p>\n","protected":false},"author":1,"featured_media":0,"parent":0,"menu_order":0,"comment_status":"closed","ping_status":"closed","template":"","meta":{"footnotes":""},"class_list":["post-4527","page","type-page","status-publish","hentry"],"aioseo_notices":[],"_links":{"self":[{"href":"https:\/\/www.bay20.com\/de\/wp-json\/wp\/v2\/pages\/4527","targetHints":{"allow":["GET"]}}],"collection":[{"href":"https:\/\/www.bay20.com\/de\/wp-json\/wp\/v2\/pages"}],"about":[{"href":"https:\/\/www.bay20.com\/de\/wp-json\/wp\/v2\/types\/page"}],"author":[{"embeddable":true,"href":"https:\/\/www.bay20.com\/de\/wp-json\/wp\/v2\/users\/1"}],"replies":[{"embeddable":true,"href":"https:\/\/www.bay20.com\/de\/wp-json\/wp\/v2\/comments?post=4527"}],"version-history":[{"count":3,"href":"https:\/\/www.bay20.com\/de\/wp-json\/wp\/v2\/pages\/4527\/revisions"}],"predecessor-version":[{"id":15981,"href":"https:\/\/www.bay20.com\/de\/wp-json\/wp\/v2\/pages\/4527\/revisions\/15981"}],"wp:attachment":[{"href":"https:\/\/www.bay20.com\/de\/wp-json\/wp\/v2\/media?parent=4527"}],"curies":[{"name":"wp","href":"https:\/\/api.w.org\/{rel}","templated":true}]}}