{"id":4529,"date":"2019-11-18T07:39:43","date_gmt":"2019-11-18T07:39:43","guid":{"rendered":"https:\/\/www.bay20.com\/?page_id=4529"},"modified":"2025-04-19T16:54:33","modified_gmt":"2025-04-19T11:09:33","slug":"typo3-theme-entwicklung","status":"publish","type":"page","link":"https:\/\/www.bay20.com\/de\/typo3-theme-entwicklung\/","title":{"rendered":"Typo3 Theme-Entwicklung"},"content":{"rendered":"\n<p>Typo3 ist ein kostenloses Open-Source-CMS, das in PHP geschrieben ist. Es kann auf verschiedenen Webservern und vielen Betriebssystemen laufen. Es ist ein professionelles und flexibles Content-Management-System. Es hat eine globale Gemeinschaft, eignet sich f\u00fcr kleine Websites bis hin zu multinationalen Organisationen, zuverl\u00e4ssig und skalierbar.<\/p>\n\n\n\n<p>Unsere Entwickler k\u00f6nnen vorgefertigte Themen anbieten oder je nach Kundenanforderung anpassen. Typo3 ist ein Open-Source-System, das die grundlegenden Kundenbed\u00fcrfnisse out-of-the-box abdeckt. Unsere Entwickler konzentrieren sich auf neue Funktionen, Innovationen und hervorragende Implementierungen. Typo3 ist ein absolut zuverl\u00e4ssiges, stabiles und berechenbares Open Source Enterprise Content Management System. Es kann Ihnen helfen, Projekte p\u00fcnktlich und innerhalb des Budgets zu liefern.<\/p>\n\n\n\n<p>Sie k\u00f6nnen uns gerne an Bord nehmen, um die besten Typo3 Theme-Entwicklungsl\u00f6sungen f\u00fcr Ihre Website zu finden. Wir arbeiten hart, um Ihr Vertrauen zu gewinnen und liefern die bestm\u00f6glichen Ergebnisse f\u00fcr die Website, die auf drei Ebenen liegt:<\/p>\n\n\n\n<ul class=\"wp-block-list\"><li>Konzept<\/li><li>Gestaltung<\/li><li>Code<\/li><\/ul>\n\n\n\n<p>Unsere Experten haben Erfahrung in der Entwicklung von Typo3-Themen, die sie in verschiedenen Projekten gesammelt haben. Sie wissen \u00fcber die Architektur, Design Patterns usw. Bescheid.<\/p>\n\n\n\n<h2 class=\"wp-block-heading\"><strong>Unser Prozess der Themenentwicklung:<\/strong><\/h2>\n\n\n\n<ol class=\"wp-block-list\"><li>Sammeln von Informationen<\/li><li>Planung<\/li><li>Gestaltung<\/li><li>Entwicklung<\/li><li>Pr\u00fcfung<\/li><li>Lieferung<\/li><li>Unterst\u00fctzung und Wartung<\/li><\/ol>\n\n\n\n<p>Bei Bay20 versuchen wir, Ihnen die effizienteste Typo3 CMS-Schnittstelle f\u00fcr Ihre Website zur Verf\u00fcgung zu stellen und entwickeln benutzerfreundliche, retinaf\u00e4hige und pixelgenaue Themes, die die Besucherzahlen auf Ihrer Website erh\u00f6hen und sie aussagekr\u00e4ftiger machen k\u00f6nnen. Unsere ma\u00dfgeschneiderte Themen sind wie pro Ihre Anforderung und Experten gerichtet sind, um alle traditionellen als auch zeitgen\u00f6ssische neue Themen mit fortschrittlichen Tools und Funktionen in Typo3 Rahmen zur Verf\u00fcgung zu verwenden. Unsere Experten wissen, wie professionell bauen Themen wird Ihnen helfen, die gew\u00fcnschten Ergebnisse zu erzielen.<\/p>\n\n\n\n<p>Wir lassen nichts unversucht, damit der Satz \u201eDer erste Eindruck ist der letzte Eindruck\u201c auch f\u00fcr Ihre Website gilt. Dabei bleibt die Qualit\u00e4t unserer Arbeit unber\u00fchrt, egal wie hoch Ihr Budget ist. Unser Typo3-Team gibt sich die gr\u00f6\u00dfte M\u00fche, Ihr Traumprojekt mit den neuesten Tools und Technologien zum Leben zu erwecken. Wir glauben, dass unsere Arbeit nicht bei der Lieferung des Projekts aufh\u00f6rt, sondern dass wir mit Ihnen zusammenarbeiten, wenn Sie nicht weiterkommen oder technische Probleme beim Betrieb der Website haben. Unsere Typo3-Themen sind so konzipiert, dass sie die Website nach Ihrem einzigartigen Geschmack und benutzerfreundlichen Erfahrungen anpassen.<\/p>\n\n\n\n<h2 class=\"wp-block-heading\"><strong>Warum sollten Sie uns w\u00e4hlen?<\/strong><\/h2>\n\n\n\n<ul class=\"wp-block-list\"><li>Gro\u00dfe Erfahrung in der Themenentwicklung<\/li><li>Professionell ausgebildetes Team<\/li><li>Professionell ausgebildetes Team<\/li><li>Technische Unterst\u00fctzung<\/li><\/ul>\n\n\n\n<p>Unsere fundierten Kenntnisse der Open-Source-Technologie erm\u00f6glichen es uns, Ihnen Typo3-Themenentwicklungsdienste mit hundertprozentiger Genauigkeit und Effizienz anzubieten. <strong>Unsere Dienstleistungen umfassen<\/strong>:<\/p>\n\n\n\n<ul class=\"wp-block-list\"><li>Typo3 Integrationsdienst<\/li><li>Basis- und kundenspezifische Themenentwicklung<\/li><li>Entwicklung kundenspezifischer Module<\/li><li>Installation und Konfiguration<\/li><li>Erweiterung Entwicklung<\/li><li>Plug-in-Entwicklung<\/li><\/ul>\n\n\n\n<p>Unsere talentiertenTypo3-Entwickler helfen Ihnen, eine Website mit niedrigen Kosten, moderner Strategie und aktualisierten Tools und Technologien zu erstellen. Wir werden das Beste tun, um Ihren Traum zu erf\u00fcllen und Ihre Website an die Spitze zu bringen.<\/p>\n\n\n\n<h2 class=\"wp-block-heading\"><strong>Unsere Spezialit\u00e4ten in der Themenentwicklung:<\/strong><\/h2>\n\n\n\n<ul class=\"wp-block-list\"><li>Professionelles Aussehen und Gef\u00fchl<\/li><li>Ansprechbar<\/li><li>Kompatibilit\u00e4t mit anderen Plug-Ins<\/li><li>Browser-Kompatibilit\u00e4t<\/li><li>\u00dcbersetzung und Mehrsprachigkeit m\u00f6glich<\/li><li>SEO-freundlich<\/li><li>Benutzerfreundlich<\/li><li>Regelm\u00e4\u00dfige Aktualisierung<\/li><\/ul>\n\n\n\n<p>Typo3 eignet sich f\u00fcr Unternehmenswebsites mit einer gro\u00dfen globalen Gemeinschaft f\u00fcr Websites, Intranets und Online-Anwendungen, von kleinen Websites bis hin zu multinationalen Konzernen. Es ist voll funktionsf\u00e4hig und zuverl\u00e4ssig mit echter Skalierbarkeit.<\/p>\n","protected":false},"excerpt":{"rendered":"<p>Typo3 ist ein kostenloses Open-Source-CMS, das in PHP geschrieben ist. Es kann auf verschiedenen Webservern und vielen Betriebssystemen laufen. Es ist ein professionelles und flexibles Content-Management-System. Es hat eine globale Gemeinschaft, eignet sich f\u00fcr kleine Websites bis hin zu multinationalen Organisationen, zuverl\u00e4ssig und skalierbar. Unsere Entwickler k\u00f6nnen vorgefertigte Themen anbieten oder je nach Kundenanforderung anpassen. [&hellip;]<\/p>\n","protected":false},"author":1,"featured_media":0,"parent":0,"menu_order":0,"comment_status":"closed","ping_status":"closed","template":"","meta":{"footnotes":""},"class_list":["post-4529","page","type-page","status-publish","hentry"],"aioseo_notices":[],"_links":{"self":[{"href":"https:\/\/www.bay20.com\/de\/wp-json\/wp\/v2\/pages\/4529","targetHints":{"allow":["GET"]}}],"collection":[{"href":"https:\/\/www.bay20.com\/de\/wp-json\/wp\/v2\/pages"}],"about":[{"href":"https:\/\/www.bay20.com\/de\/wp-json\/wp\/v2\/types\/page"}],"author":[{"embeddable":true,"href":"https:\/\/www.bay20.com\/de\/wp-json\/wp\/v2\/users\/1"}],"replies":[{"embeddable":true,"href":"https:\/\/www.bay20.com\/de\/wp-json\/wp\/v2\/comments?post=4529"}],"version-history":[{"count":3,"href":"https:\/\/www.bay20.com\/de\/wp-json\/wp\/v2\/pages\/4529\/revisions"}],"predecessor-version":[{"id":15983,"href":"https:\/\/www.bay20.com\/de\/wp-json\/wp\/v2\/pages\/4529\/revisions\/15983"}],"wp:attachment":[{"href":"https:\/\/www.bay20.com\/de\/wp-json\/wp\/v2\/media?parent=4529"}],"curies":[{"name":"wp","href":"https:\/\/api.w.org\/{rel}","templated":true}]}}