{"id":4743,"date":"2020-03-23T05:53:13","date_gmt":"2020-03-23T05:53:13","guid":{"rendered":"https:\/\/www.bay20.com\/?page_id=4743"},"modified":"2025-06-16T18:29:52","modified_gmt":"2025-06-16T12:44:52","slug":"bigcommerce-api-integration","status":"publish","type":"page","link":"https:\/\/www.bay20.com\/de\/bigcommerce-api-integration\/","title":{"rendered":"BigCommerce API Integration"},"content":{"rendered":"<div class=\"content-page\">\n<div class=\"container\">\n<p>Die E-Commerce-Branche hat sich in Bezug auf das Verhalten der Menschen und die Art und Weise, wie sie einkaufen, stark ver\u00e4ndert. Der Anstieg der mobilen Nutzung, Big Data, SaaS, Internet, soziale Medien und andere Technologien haben die Erwartungen der Online-Nutzer ver\u00e4ndert. Mit der BigCommerce-API-Entwicklung k\u00f6nnen wir dazu beitragen, das Einkaufserlebnis Ihrer Kunden dynamischer, bequemer und personalisierter zu gestalten. Unsere API-Entwickler k\u00f6nnen Informationen effizient zwischen Anwendungen \u00fcbertragen.<\/p>\n<p>APIs erm\u00f6glichen es einer Anwendung, Dienste f\u00fcr andere Anwendungen bereitzustellen.<\/p>\n<h2><strong>Funktionen der API:<\/strong><\/h2>\n<ul class=\"disc\">\n<li>Transaktionen freigeben<\/li>\n<li>Authentifizierung von Menschen und Dingen<\/li>\n<li>Daten teilen<\/li>\n<li>Integration und Vernetzung von Menschen, Systemen, Daten, Orten und Algorithmen<\/li>\n<li>Entwicklung neuer Dienstleistungen, Produkte und Gesch\u00e4ftsmodelle<\/li>\n<li>Neue Benutzererfahrungen<\/li>\n<li>Verbinden Sie zahlreiche Back-End- und Front-End-Systeme wie Point-of-Sale, Produktmanagementsystem, Customer Relationship Management, Content Management System und Digital Experience Platform usw.<\/li>\n<\/ul>\n<p>Die offene API von BigCommerce vereint die Vorteile einer SaaS-Plattform, wie z. B. die Tatsache, dass sie im Namen von Unternehmen gehostet wird, die Gesamtbetriebskosten und eine schnellere Markteinf\u00fchrung. Bigcommerce kann mehr als 400 API-Aufrufe pro Sekunde verarbeiten und Updates bis zu 100 Mal schneller durchf\u00fchren. Unsere BigCommerce-API-Entwickler erm\u00f6glichen es Ihnen, Omni-Channel-Shopping anzubieten, das die Erwartungen Ihrer Kunden erf\u00fcllt. Wir verwenden API, um Ihre Kundenerfahrung durch Single Sign-On und Identit\u00e4tsmanagement, mehrere Storefronts, den Verkauf auf Marktpl\u00e4tzen oder die Schaffung personalisierter Erfahrungen auf verschiedenen Kan\u00e4len zu verbessern. \u00dcbersetzt mit DeepL.com (kostenlose Version)<\/p>\n<h2><strong>Verschiedene APIs sind:<\/strong><\/h2>\n<ol class=\"disc\">\n<li>Katalog-API<\/li>\n<li>Anmeldung API<\/li>\n<li>Warenkorb-API<\/li>\n<li>Checkout-API<\/li>\n<li>Zahlungs-API<\/li>\n<li>Umsatzsteuer-API<\/li>\n<li>Social Proof API<\/li>\n<li>Marketing-Automatisierung API<\/li>\n<li>Versand-API<\/li>\n<li>Kunden API<\/li>\n<li>Anti-Betrugs-API<\/li>\n<li>Widgets-API<\/li>\n<\/ol>\n<p>Wir verbessern die Funktionalit\u00e4t, den Betrieb und die Leistung Ihres Online-Shops mit APIs, die den Kunden das gew\u00fcnschte Einkaufserlebnis bieten und so mehr Umsatz generieren. Mit APIs k\u00f6nnen wir Ihnen helfen, Ihr E-Commerce-Gesch\u00e4ft zu rationalisieren, Kundenbindung aufzubauen und den ROI zu steigern.<\/p>\n<p><a href=\"https:\/\/www.bay20.com\/de\/bigcommerce-entwicklungsunternehmen\/\">BigCommerce<\/a> ist eine komplexe Hosting-Plattform und ohne die Hilfe eines Profis ist es schwierig, Design und Entwicklung, API-Integration und Verbesserungen zu erstellen. Wir bei Bay20 sind zertifiziert und in der Lage, alle BigCommerce-Anpassungen.<\/p>\n<p>Wir sind ein engagiertes Team mit API-Integrationsl\u00f6sungen, die Sie f\u00fcr weitere Gesch\u00e4ftsvorteile ben\u00f6tigen. Mit Bigcommerce API k\u00f6nnen wir Ihnen helfen, Tausende von Produkten zu bewegen und die Integration mit anderen wichtigen E-Commerce-Systemen zu unterst\u00fctzen.<\/p>\n<h2><strong>Unsere APIs Spezialit\u00e4ten:<\/strong><\/h2>\n<ul class=\"disc\">\n<li>Komplexe Probleme einfach l\u00f6sen<\/li>\n<li>N\u00fctzliche Abstraktionen bereitstellen<\/li>\n<li>Erkennbare APIs<\/li>\n<li>Konsistent und symmetrisch<\/li>\n<li>Befolgen Sie den Grundsatz des geringsten Erstaunens f\u00fcr die Benutzer<\/li>\n<li>Einfache, n\u00fctzliche, auffindbare, konsistente und vorhersehbare APIs oder Produkte<\/li>\n<\/ul>\n<p>Wir sind ein bekanntes Unternehmen f\u00fcr API-Entwicklung und Integrationen. Wir k\u00f6nnen exklusive Spezialisierungen nutzen und zusammenkommen, um Ihre Online-Gesch\u00e4ftsstrategie voranzutreiben. Wir haben starke Domain-Technologie in API-Entwicklung innerhalb eines kurzen Zeitraums gewonnen.<\/p>\n<p>Unsere Bigcommerce-API-Entwickler machen Ihr Unternehmen bekannt, erm\u00f6glichen umfangreiche Dienstleistungen, sorgen f\u00fcr eine minimale Absprungrate und bieten End-to-End-L\u00f6sungen f\u00fcr Ihre Websites.<\/p>\n<p>Unsere Vision ist es, ein weltweit bekanntes Unternehmen f\u00fcr digitale Technologiedienstleistungen zu werden. Wir haben verschiedenen vertikalen H\u00e4ndlern in Asien, den USA und Europa geholfen, ihre technologischen Ziele zu erreichen.<\/p>\n<p>Wir helfen Ihnen dabei, Ihre ideale Website zu erstellen und die Sichtbarkeit Ihres Unternehmens im Internet mit unseren API-Entwicklungsf\u00e4higkeiten zu erh\u00f6hen. Wir entwerfen und entwickeln solche Protokolle, die nach einem professionellen Muster funktionieren und Ihrem Online-Shop helfen, das gew\u00fcnschte Ergebnis innerhalb eines festgelegten Zeitrahmens zu erzielen.<\/p>\n<p><strong>Unser Augenmerk liegt darauf, unsere Kunden in die Lage zu versetzen, Marktf\u00fchrer zu werden und einen Vorsprung vor der Konkurrenz zu erzielen. <\/strong><\/p>\n<h2><strong>Warum Sie uns beauftragen sollten:<\/strong><\/h2>\n<ul class=\"disc\">\n<li>API-Experten-Team<\/li>\n<li>Agile und adaptive Entwicklung<\/li>\n<li>8+ Jahre Erfahrung<\/li>\n<li>\u00dcber 500 abgeschlossene Projekte<\/li>\n<li>Einfaches und schnelles Non-Boarding<\/li>\n<li>Kundenzufriedenheit<\/li>\n<li>Geringe Kosten<\/li>\n<li>Integrit\u00e4t und Transparenz<\/li>\n<li>ROI-orientiert<\/li>\n<li>Flexible und feste Preismodelle<\/li>\n<li>Vollst\u00e4ndige technische Unterst\u00fctzung<\/li>\n<\/ul>\n<p>Wir helfen Ihnen, benutzerdefinierte Web-APIs zu konstruieren, die vollst\u00e4ndig mit den Anforderungen Ihres Gesch\u00e4ftssystems \u00fcbereinstimmen. Wir versichern Ihnen, dass Sie ma\u00dfgeschneiderte Bigcommerce API-Dienste entsprechend Ihren Anforderungen erhalten.<\/p>\n<p>Unsere Kunden kennen uns f\u00fcr unser Fachwissen, unser Engagement, die termingerechte Erledigung von Aufgaben und unsere umfassende Unterst\u00fctzung auch nach Abschluss des Projekts.<\/p>\n<p>Wir glauben fest daran, dass der Erfolg unserer Kunden auch unser Erfolg ist, deshalb bieten wir beste Kundenbetreuung, organisiertes Projektmanagement und eine kompromisslose Politik bei qualitativen Lieferungen. Unsere engagierte Teamarbeit bleibt mit Ihnen \u00fcber die Kommunikationsmedien wie Chat, Audio-\/Videoanrufe und h\u00e4ufige E-Mails in Verbindung.<\/p>\n<p>Unsere Bigcommerce-API-Integrationsverwaltungen helfen E-Commerce-Unternehmen, Informationen m\u00fchelos in andere Anwendungen zu integrieren.<\/p>\n<p>Unsere F\u00e4higkeit zu verstehen, zusammen mit unserer bew\u00e4hrten technischen Kompetenz und unserer Erfolgsbilanz haben uns zu ihrem bevorzugten Partner gemacht. Wir haben E-Commerce-H\u00e4ndler auf der ganzen Welt dabei unterst\u00fctzt, neue H\u00f6hen des Online-Erfolgs zu erreichen.<\/p>\n<p>Wenn Sie engagierte API-Experten f\u00fcr Ihren Bigcommerce-Shop engagieren m\u00f6chten, die eine nahtlose Kommunikation und Projekttransparenz verfolgen, sind wir nur einen Anruf oder eine Nachricht entfernt.<\/p>\n<\/div>\n<\/div>\n","protected":false},"excerpt":{"rendered":"<p>Die E-Commerce-Branche hat sich in Bezug auf das Verhalten der Menschen und die Art und Weise, wie sie einkaufen, stark ver\u00e4ndert. Der Anstieg der mobilen Nutzung, Big Data, SaaS, Internet, soziale Medien und andere Technologien haben die Erwartungen der Online-Nutzer ver\u00e4ndert. Mit der BigCommerce-API-Entwicklung k\u00f6nnen wir dazu beitragen, das Einkaufserlebnis Ihrer Kunden dynamischer, bequemer und [&hellip;]<\/p>\n","protected":false},"author":1,"featured_media":0,"parent":0,"menu_order":0,"comment_status":"closed","ping_status":"closed","template":"page-templates\/full-width.php","meta":{"footnotes":""},"class_list":["post-4743","page","type-page","status-publish","hentry"],"aioseo_notices":[],"_links":{"self":[{"href":"https:\/\/www.bay20.com\/de\/wp-json\/wp\/v2\/pages\/4743","targetHints":{"allow":["GET"]}}],"collection":[{"href":"https:\/\/www.bay20.com\/de\/wp-json\/wp\/v2\/pages"}],"about":[{"href":"https:\/\/www.bay20.com\/de\/wp-json\/wp\/v2\/types\/page"}],"author":[{"embeddable":true,"href":"https:\/\/www.bay20.com\/de\/wp-json\/wp\/v2\/users\/1"}],"replies":[{"embeddable":true,"href":"https:\/\/www.bay20.com\/de\/wp-json\/wp\/v2\/comments?post=4743"}],"version-history":[{"count":8,"href":"https:\/\/www.bay20.com\/de\/wp-json\/wp\/v2\/pages\/4743\/revisions"}],"predecessor-version":[{"id":17386,"href":"https:\/\/www.bay20.com\/de\/wp-json\/wp\/v2\/pages\/4743\/revisions\/17386"}],"wp:attachment":[{"href":"https:\/\/www.bay20.com\/de\/wp-json\/wp\/v2\/media?parent=4743"}],"curies":[{"name":"wp","href":"https:\/\/api.w.org\/{rel}","templated":true}]}}