{"id":5209,"date":"2020-04-22T10:23:07","date_gmt":"2020-04-22T10:23:07","guid":{"rendered":"https:\/\/www.bay20.com\/?page_id=5209"},"modified":"2025-03-31T15:58:03","modified_gmt":"2025-03-31T10:13:03","slug":"migration-zu-shopify-von-anderen-plattformen","status":"publish","type":"page","link":"https:\/\/www.bay20.com\/de\/migration-zu-shopify-von-anderen-plattformen\/","title":{"rendered":"Migration zu Shopify von anderen Plattformen"},"content":{"rendered":"\n<p>Der Markt f\u00fcr den elektronischen Gesch\u00e4ftsverkehr bietet f\u00fcr Unternehmen jeder Gr\u00f6\u00dfe ein gro\u00dfes Potenzial. Aber es ist eine m\u00fchsame Arbeit, die richtige Plattform f\u00fcr Ihr Online-Gesch\u00e4ft auszuw\u00e4hlen, und obendrein liegt die Verantwortung auf den Schultern von <strong><a href=\"\/de\/shopify-entwicklungsunternehmen\/\" target=\"_blank\" rel=\"noreferrer noopener\" title=\"shopify\">shopify<\/a><\/strong> Agentur und ihre Entwickler. Wie faszinierend Ihr Produkt auch sein mag, es hat keinen Nutzen, wenn es nicht in den richtigen H\u00e4nden ist.<\/p>\n\n\n\n<p>Um in der wettbewerbsintensiven Welt des E-Commerce erfolgreich zu sein, ist es wichtig, ein starkes Entwicklungsteam zu haben, das Ihr Online-Gesch\u00e4ft auf die n\u00e4chste Stufe heben kann.<\/p>\n\n\n\n<p>Unsere Migrationsexperten helfen Ihnen, die gew\u00fcnschten Ergebnisse zu erzielen, indem sie die besten Technologien einsetzen, denn der Wechsel zu einer neuen Plattform ist nicht so einfach, wie es scheint. Wir sind in der Lage, die historischen Daten nach der Migration beizubehalten, um den Erfolg der Migration des Altsystems zu gew\u00e4hrleisten.\u00a0<\/p>\n\n\n\n<h2 class=\"wp-block-heading\">Gr\u00fcnde f\u00fcr den Wechsel zur Shopify-Plattform:<\/h2>\n\n\n\n<ul class=\"wp-block-list\"><li>\u00dcber das bestehende System hinauswachsen<\/li><li>Bessere Leistung<\/li><li>Leichtere Umschreibung des Codes<\/li><li>Aktuelle Software wird nicht mehr unterst\u00fctzt<\/li><li>Einfach zu bedienende Systeme<\/li><li>Gesch\u00e4ft mit minimalem Budget betreiben<\/li><li>Lobenswerte Unterst\u00fctzung f\u00fcr Kunden<\/li><li>Viele Funktionen und Tools<\/li><li>Blog-Funktion unterst\u00fctzen<\/li><li>Verschiedene Themen verf\u00fcgbar<\/li><li>Unbegrenzte Produkt- und Bandbreitenzahl<\/li><li>Verwalten mit dem Smartphone<\/li><li>Reduzierung von Fehlern und Datenduplikaten<\/li><li>Erweiterte Funktionalit\u00e4t<\/li><li>Optisch ansprechender Online Shop<\/li><\/ul>\n\n\n\n<h2 class=\"wp-block-heading\"><strong>Was wir tun?<\/strong><\/h2>\n\n\n\n<ol class=\"wp-block-list\"><li>Bewerben Sie die neue Plattform auf verschiedenen Kan\u00e4len und stellen Sie sicher, dass die Zuschauer wissen, wo sie Sie finden und wie sie sich beteiligen k\u00f6nnen.<\/li><li>Erstellen Sie einen qualitativ hochwertigen und konsistenten Content-Feed f\u00fcr die neue Plattform, um Ihren Besuchern einen Grund zu geben, Ihren Shopify-Shop zu besuchen und immer wieder zu kommen.<\/li><li>Hinzuf\u00fcgen neuester Tools und Technologien<\/li><li>Weiteres Monitoring f\u00fcr jede Ver\u00e4nderung<\/li><li>Zeigen Sie den klaren Wert<\/li><li>Neue Strategien zur Gewinnung von Kunden auf der neuen Plattform<\/li><li>Erwartungen an unsere Merchandiser verwalten<\/li><\/ol>\n\n\n\n<p>Wir sind ein zentraler Ansprechpartner f\u00fcr E-Commerce-H\u00e4ndler, die ihr Online-Gesch\u00e4ft optimieren m\u00f6chten.<\/p>\n\n\n\n<h2 class=\"wp-block-heading\"><strong>Warum uns beauftragen?<\/strong><\/h2>\n\n\n\n<ul class=\"wp-block-list\"><li>Mit der kontinuierlichen Unterst\u00fctzung unserer Entwickler, die den Shop Tag f\u00fcr Tag bequemer und konkurrenzf\u00e4higer machen, kann Ihr Unternehmen die n\u00e4chste Stufe des Erfolgs erreichen. Wir haben gute praktische Erfahrung mit bestem Code-Verst\u00e4ndnis.<\/li><li>Wir haben ein sehr wirtschaftliches Paket, um Ihren Shopify-Shop zu erstellen. Wir wollen darauf abzielen, das meiste f\u00fcr Ihr Geld zu bekommen.<\/li><\/ul>\n\n\n\n<p>Shopify ist das funktionsreichste und flexibelste <strong><a href=\"\/de\/ecommerce-entwicklungsunternehmen\/\" target=\"_blank\" rel=\"noreferrer noopener\" title=\"ecommerce platform\">ecommerce platform<\/a><\/strong> des Ganzen. Wir k\u00f6nnen Ihnen helfen, einen effektiven Shop mit individuellem Design und verschiedenen Funktionserweiterungen einzurichten. Unsere qualifizierten Entwickler k\u00fcmmern sich um die Verwaltung des Inventars, die Designfunktionalit\u00e4t und den Einrichtungsprozess.<\/p>\n\n\n\n<p>Wenn Sie auf der Suche nach einer Plattform sind, die professionell aussehende Themes und Designs anbietet, dann sollten Sie sich an eine kompetente und erfahrene Shopify-Agentur wenden. Unsere Entwickler verwenden die am besten geeigneten Tools f\u00fcr bestimmte Aufgaben in der Welt des digitalen Marketings und des Online-Verkaufs. Wir ber\u00fccksichtigen jede einzelne M\u00f6glichkeit, um Ihren Return on Investment (ROI) zu steigern.<\/p>\n\n\n\n<h2 class=\"wp-block-heading\">Was ber\u00fccksichtigen wir?<\/h2>\n\n\n\n<ul class=\"wp-block-list\"><li>Web design<\/li><li>Hosting<\/li><li>Benutzererfahrung<\/li><li>SEO<\/li><li>Zahlungsabonnements<\/li><li>Cloud zum Speichern<\/li><li>Das Zahlungssystem<\/li><li>Fragen zum Geldtransfer<\/li><\/ul>\n\n\n\n<p>Wir sind eine Shopify-Agentur mit Erfahrung in <strong><a href=\"\/de\/digitales-marketing-unternehmen\/\" target=\"_blank\" rel=\"noreferrer noopener\" title=\"digitales Marketing\">digitales Marketing<\/a><\/strong> in einer breiten Palette von Dienstleistungen. Wir wissen, mit welchen Worten Sie Ihr Zielpublikum beeindrucken k\u00f6nnen. Wir sind spezialisiert auf die Erstellung hochwertiger, moderner Websites &amp; Online-Shops zu reellen Preisen.<\/p>\n\n\n\n<p>Wir sind energisch und engagiert f\u00fcr unsere Kunden, mit dem Ziel, perfekte Projekte zu bauen.<\/p>\n\n\n\n<h2 class=\"wp-block-heading\">Unser sechsstufiger Prozess:<\/h2>\n\n\n\n<ol class=\"wp-block-list\"><li>Entdeckung<\/li><li>Erstellung<\/li><li>Techniken<\/li><li>\u00dcberpr\u00fcfung<\/li><li>Pr\u00fcfung<\/li><li>Einf\u00fchrungsphase<\/li><\/ol>\n\n\n\n<p>Wir verwenden einen markenorientierten Ansatz, der von Design und Entwicklung bis hin zu Wachstumsmarketing und Inhalten reicht. Unser Fachwissen wird Ihnen eine erstaunliche Erfahrung bieten, die Ihre Marke als Ganzes aufwertet.<\/p>\n\n\n\n<p>Es gibt viele Plattformen, aber Shopify gilt im Vergleich zu anderen als die benutzerfreundlichste Plattform.<\/p>\n\n\n\n<h2 class=\"wp-block-heading\"><strong>Wir versprechen:<\/strong><\/h2>\n\n\n\n<ul class=\"wp-block-list\"><li>Qualit\u00e4t<\/li><li>Selbstverpflichtung<\/li><li>Verantwortung<\/li><\/ul>\n\n\n\n<p>Besitzer von E-Commerce-Shops m\u00fcssen hart k\u00e4mpfen, um ihren Online-Shop am Laufen zu halten und Ums\u00e4tze zu generieren. Wir helfen Ihnen, erfolgreich von anderen Plattformen zu Shopify zu migrieren, ohne das Erbe Ihrer Marke zu verlieren. Wir helfen den Eigent\u00fcmern, sich nicht mehr um die Entwicklung der Website und andere technische Probleme k\u00fcmmern zu m\u00fcssen, die im Laufe der Migration auftreten k\u00f6nnen.<\/p>\n\n\n\n<p><\/p>\n","protected":false},"excerpt":{"rendered":"<p>Der Markt f\u00fcr den elektronischen Gesch\u00e4ftsverkehr bietet f\u00fcr Unternehmen jeder Gr\u00f6\u00dfe ein gro\u00dfes Potenzial. Aber es ist eine m\u00fchsame Arbeit, die richtige Plattform f\u00fcr Ihr Online-Gesch\u00e4ft auszuw\u00e4hlen, und obendrein liegt die Verantwortung auf den Schultern von shopify Agentur und ihre Entwickler. Wie faszinierend Ihr Produkt auch sein mag, es hat keinen Nutzen, wenn es nicht [&hellip;]<\/p>\n","protected":false},"author":1,"featured_media":0,"parent":0,"menu_order":0,"comment_status":"closed","ping_status":"closed","template":"","meta":{"footnotes":""},"class_list":["post-5209","page","type-page","status-publish","hentry"],"aioseo_notices":[],"_links":{"self":[{"href":"https:\/\/www.bay20.com\/de\/wp-json\/wp\/v2\/pages\/5209","targetHints":{"allow":["GET"]}}],"collection":[{"href":"https:\/\/www.bay20.com\/de\/wp-json\/wp\/v2\/pages"}],"about":[{"href":"https:\/\/www.bay20.com\/de\/wp-json\/wp\/v2\/types\/page"}],"author":[{"embeddable":true,"href":"https:\/\/www.bay20.com\/de\/wp-json\/wp\/v2\/users\/1"}],"replies":[{"embeddable":true,"href":"https:\/\/www.bay20.com\/de\/wp-json\/wp\/v2\/comments?post=5209"}],"version-history":[{"count":6,"href":"https:\/\/www.bay20.com\/de\/wp-json\/wp\/v2\/pages\/5209\/revisions"}],"predecessor-version":[{"id":15913,"href":"https:\/\/www.bay20.com\/de\/wp-json\/wp\/v2\/pages\/5209\/revisions\/15913"}],"wp:attachment":[{"href":"https:\/\/www.bay20.com\/de\/wp-json\/wp\/v2\/media?parent=5209"}],"curies":[{"name":"wp","href":"https:\/\/api.w.org\/{rel}","templated":true}]}}