{"id":774,"date":"2014-08-29T11:03:20","date_gmt":"2014-08-29T11:03:20","guid":{"rendered":"http:\/\/www.bay20.com\/?page_id=774"},"modified":"2025-04-17T18:49:39","modified_gmt":"2025-04-17T13:04:39","slug":"seo-dienstleistungen-unternehmen","status":"publish","type":"page","link":"https:\/\/www.bay20.com\/de\/seo-dienstleistungen-unternehmen\/","title":{"rendered":"SEO Dienstleistungen Unternehmen"},"content":{"rendered":"<div class=\"container\">\n<div class=\"seoCon\"><span style=\"font-size: 1rem; line-height: 1.714285714;\">Bay20 Software Services bietet qualitativ hochwertige Dienstleistungen zur Suchmaschinenoptimierung. Unser Ansatz ist ergebnisorientiert. Wir bieten eine komplette SEO-L\u00f6sung von der Inhaltsoptimierung bis zur Behebung technischer Fehler. Wir sind spezialisiert auf PPC (Pay per click), SMO (Social Media Optimization) und Organic SEO. <\/span>Wir erwarten nicht, dass Sie einen Entwickler oder Designer haben, der Bugs oder Fehler behebt. Wir machen das selbst und es ist in den jeweiligen SEO-Pl\u00e4nen, die wir anbieten, enthalten. Unser Berichtssystem ist sehr detailliert und transparent. Sie wissen genau, was vor sich geht und wie es Ihnen n\u00fctzt.<\/p>\n<p>Dies sind die wichtigsten Dienstleistungen, die wir im Zusammenhang mit der Suchmaschinen-Optimierung anbieten<\/p>\n<ul>\n<li><i class=\"icons1\">Pay-Per-Click oder Adwords-Symbol verwalten<\/i><br \/>\n<h3>Pay Per Click oder Verwaltung von Adwords<\/h3>\n<p>Wir sind Experten in der Verwaltung von Adwords-Kampagnen und in der Optimierung der Kampagnen, um die besten Ergebnisse zu erzielen. Wir haben in der Vergangenheit mehrere Kampagnen optimiert, um die beste Leistung zu erzielen.<\/li>\n<li><i class=\"icons2\">Symbol f\u00fcr die Optimierung der sozialen Medien<\/i><br \/>\n<h3>Optimierung der sozialen Medien<\/h3>\n<p>Wir verf\u00fcgen \u00fcber umfassende Erfahrung in der Optimierung sozialer Medien zu Ihrem Vorteil. Soziale Medien sind f\u00fcr jede Marketingkampagne sehr wichtig.<\/li>\n<li><i class=\"icons3\">Symbol f\u00fcr Schl\u00fcsselwortanalyse und SEO-Strategie<\/i><br \/>\n<h3>Schl\u00fcsselwortanalyse und SEO-Strategie<\/h3>\n<p>Wir analysieren Ihre Mitbewerber und entwickeln eine umfassende Keyword-Strategie. Sie ist ein wichtiger Bestandteil jeder digitalen Marketingkampagne.<\/li>\n<li><i class=\"icons4\">Symbol f\u00fcr die Optimierung von Inhalten<\/i><br \/>\n<h3>Optimierung der Inhalte<\/h3>\n<p>Es ist sehr wichtig, dass der Inhalt Ihrer Website f\u00fcr die Schl\u00fcsselw\u00f6rter optimiert ist. Wir helfen Ihnen auch bei der Entwicklung einer Strategie in Ihrer Organisation, damit Ihre Mitarbeiter zum Gesamtmarketing und zur F\u00f6rderung Ihrer Website beitragen.<\/li>\n<\/ul>\n<\/div>\n<\/div>\n","protected":false},"excerpt":{"rendered":"<p>Bay20 Software Services bietet qualitativ hochwertige Dienstleistungen zur Suchmaschinenoptimierung. Unser Ansatz ist ergebnisorientiert. Wir bieten eine komplette SEO-L\u00f6sung von der Inhaltsoptimierung bis zur Behebung technischer Fehler. Wir sind spezialisiert auf PPC (Pay per click), SMO (Social Media Optimization) und Organic SEO. Wir erwarten nicht, dass Sie einen Entwickler oder Designer haben, der Bugs oder Fehler [&hellip;]<\/p>\n","protected":false},"author":1,"featured_media":0,"parent":0,"menu_order":0,"comment_status":"closed","ping_status":"open","template":"page-templates\/full-width.php","meta":{"footnotes":""},"class_list":["post-774","page","type-page","status-publish","hentry"],"aioseo_notices":[],"_links":{"self":[{"href":"https:\/\/www.bay20.com\/de\/wp-json\/wp\/v2\/pages\/774","targetHints":{"allow":["GET"]}}],"collection":[{"href":"https:\/\/www.bay20.com\/de\/wp-json\/wp\/v2\/pages"}],"about":[{"href":"https:\/\/www.bay20.com\/de\/wp-json\/wp\/v2\/types\/page"}],"author":[{"embeddable":true,"href":"https:\/\/www.bay20.com\/de\/wp-json\/wp\/v2\/users\/1"}],"replies":[{"embeddable":true,"href":"https:\/\/www.bay20.com\/de\/wp-json\/wp\/v2\/comments?post=774"}],"version-history":[{"count":23,"href":"https:\/\/www.bay20.com\/de\/wp-json\/wp\/v2\/pages\/774\/revisions"}],"predecessor-version":[{"id":15933,"href":"https:\/\/www.bay20.com\/de\/wp-json\/wp\/v2\/pages\/774\/revisions\/15933"}],"wp:attachment":[{"href":"https:\/\/www.bay20.com\/de\/wp-json\/wp\/v2\/media?parent=774"}],"curies":[{"name":"wp","href":"https:\/\/api.w.org\/{rel}","templated":true}]}}